{"id":1171,"date":"2020-10-28T22:08:06","date_gmt":"2020-10-28T22:08:06","guid":{"rendered":"http:\/\/myshipleydonuts.com\/?page_id=1171"},"modified":"2024-04-03T19:24:20","modified_gmt":"2024-04-03T19:24:20","slug":"online-ordering","status":"publish","type":"page","link":"https:\/\/myshipleydonuts.com\/es\/online-ordering","title":{"rendered":"Pedidos en l\u00ednea"},"content":{"rendered":"<div data-elementor-type=\"wp-page\" data-elementor-id=\"1171\" class=\"elementor elementor-1171\" data-elementor-post-type=\"page\">\n\t\t\t\t\t\t<section class=\"elementor-section elementor-top-section elementor-element elementor-element-4bad5a1 elementor-section-stretched elementor-section-boxed elementor-section-height-default elementor-section-height-default\" data-id=\"4bad5a1\" data-element_type=\"section\" data-settings=\"{&quot;stretch_section&quot;:&quot;section-stretched&quot;}\">\n\t\t\t\t\t\t<div class=\"elementor-container elementor-column-gap-default\">\n\t\t\t\t\t<div class=\"elementor-column elementor-col-100 elementor-top-column elementor-element elementor-element-383a2f9\" data-id=\"383a2f9\" data-element_type=\"column\">\n\t\t\t<div class=\"elementor-widget-wrap elementor-element-populated\">\n\t\t\t\t\t\t<div class=\"elementor-element elementor-element-6df0383 elementor-widget elementor-widget-heading\" data-id=\"6df0383\" data-element_type=\"widget\" data-widget_type=\"heading.default\">\n\t\t\t\t<div class=\"elementor-widget-container\">\n\t\t\t<h2 class=\"elementor-heading-title elementor-size-default\">Pedidos en l\u00ednea<\/h2>\t\t<\/div>\n\t\t\t\t<\/div>\n\t\t\t\t<section class=\"elementor-section elementor-inner-section elementor-element elementor-element-3762d4e elementor-section-boxed elementor-section-height-default elementor-section-height-default\" data-id=\"3762d4e\" data-element_type=\"section\">\n\t\t\t\t\t\t<div class=\"elementor-container elementor-column-gap-default\">\n\t\t\t\t\t<div class=\"elementor-column elementor-col-33 elementor-inner-column elementor-element elementor-element-2236fe7\" data-id=\"2236fe7\" data-element_type=\"column\">\n\t\t\t<div class=\"elementor-widget-wrap elementor-element-populated\">\n\t\t\t\t\t\t<div class=\"elementor-element elementor-element-cd92dbb elementor-widget elementor-widget-ucaddon_image_zoom_content_box\" data-id=\"cd92dbb\" data-element_type=\"widget\" data-widget_type=\"ucaddon_image_zoom_content_box.default\">\n\t\t\t\t<div class=\"elementor-widget-container\">\n\t\t\t\n<!-- start Image Zoom Content Box -->\n<style>\/* widget: Image Zoom Content Box *\/\n\n.uc_content_box_zoom_effect *{\n\tmargin: 0;\n\tpadding: 0;\n}\n.uc_content_box_zoom_effect {\n\tbackground-color: #fff;\n\ttext-align: center;\n\ttransition: all 0.8s ease 0s;\n}\n.uc_content_box_zoom_effect:hover {\n\tbox-shadow: 0 -2px 29px 0 rgba(0,0,0,0.15);\n}\n.uc_content_box_zoom_effect:hover .uc_image {\n\ttransform: scale(1.2);\n\ttransition: all 0.8s ease 0s;\n}\n\n.uc_content_box_zoom_effect .uc_thumbnail {\n\tdisplay: block;\n\toverflow: hidden;\n\ttext-decoration: none;\n}\n.uc_content_box_zoom_effect .uc_image {\n\twidth: 100%;\n\ttransition: all 0.8s ease 0s;\n}\n.uc_content_box_zoom_effect .uc_title {\n\tdisplay: block;\n\tfont-size: 24px;\n\tcolor: #212121;\n\ttext-decoration: none;\n}\n.uc_content_box_zoom_effect .uc_content {\n\tcolor: #696969;\n\tline-height:1.5em;\n}\n#uc_image_zoom_content_box_elementor_cd92dbb .uc_more {\n\tdisplay: ;\n\tcolor: #ffffff;\n\ttext-decoration: none;\n    background-color:#E9393D;\n   \n}\n\n#uc_image_zoom_content_box_elementor_cd92dbb .uc_more:hover {\n    background-color:#FFFFFF;\n    color:#E9393D;\n}\n\n#uc_image_zoom_content_box_elementor_cd92dbb .uc_content_box_zoom_effect_image\n{\nobject-fit:cover;\n}\n\n<\/style>\n\n<div class=\"uc_content_box_zoom_effect\" style=\"background-color:#FFFFFF00; text-align:left;\" id=\"uc_image_zoom_content_box_elementor_cd92dbb\"> \n  \n\n  \n  <div class=\"uc_content_box_zoom_effect_content\">\n    <a href=\"https:\/\/order.myshipleydonuts.com\/\" class=\"uc_title\" style=\";\"><span  class=\"uc_style_image_zoom_content_box_elementor_title\" >Catering y entrega corporativos<\/span><\/a>\n    <p class=\"uc_content\" style=\"text-align:left;\">Requiere notificaci\u00f3n con 24 horas de anticipaci\u00f3n. Los pedidos se pueden realizar con hasta 30 d\u00edas de antelaci\u00f3n. La entrega est\u00e1 disponible en toda el \u00e1rea metropolitana de Houston 24\/7.<\/p>\n    <a href=\"https:\/\/order.myshipleydonuts.com\/\"  target='_blank' class=\"uc_more\" style=\"display:inline-block;border-radius:41pxpx;\"><span  class=\"uc_style_image_zoom_content_box_elementor_read_more_txt\" >ORDENAR AHORA<\/span><\/a> \n  <\/div>\n<\/div>\n<!-- end Image Zoom Content Box -->\t\t<\/div>\n\t\t\t\t<\/div>\n\t\t\t\t\t<\/div>\n\t\t<\/div>\n\t\t\t\t<div class=\"elementor-column elementor-col-33 elementor-inner-column elementor-element elementor-element-441585b\" data-id=\"441585b\" data-element_type=\"column\">\n\t\t\t<div class=\"elementor-widget-wrap elementor-element-populated\">\n\t\t\t\t\t\t<div class=\"elementor-element elementor-element-53896ac elementor-widget elementor-widget-ucaddon_image_zoom_content_box\" data-id=\"53896ac\" data-element_type=\"widget\" data-widget_type=\"ucaddon_image_zoom_content_box.default\">\n\t\t\t\t<div class=\"elementor-widget-container\">\n\t\t\t\n<!-- start Image Zoom Content Box -->\n<style>\/* widget: Image Zoom Content Box *\/\n\n.uc_content_box_zoom_effect *{\n\tmargin: 0;\n\tpadding: 0;\n}\n.uc_content_box_zoom_effect {\n\tbackground-color: #fff;\n\ttext-align: center;\n\ttransition: all 0.8s ease 0s;\n}\n.uc_content_box_zoom_effect:hover {\n\tbox-shadow: 0 -2px 29px 0 rgba(0,0,0,0.15);\n}\n.uc_content_box_zoom_effect:hover .uc_image {\n\ttransform: scale(1.2);\n\ttransition: all 0.8s ease 0s;\n}\n\n.uc_content_box_zoom_effect .uc_thumbnail {\n\tdisplay: block;\n\toverflow: hidden;\n\ttext-decoration: none;\n}\n.uc_content_box_zoom_effect .uc_image {\n\twidth: 100%;\n\ttransition: all 0.8s ease 0s;\n}\n.uc_content_box_zoom_effect .uc_title {\n\tdisplay: block;\n\tfont-size: 24px;\n\tcolor: #212121;\n\ttext-decoration: none;\n}\n.uc_content_box_zoom_effect .uc_content {\n\tcolor: #696969;\n\tline-height:1.5em;\n}\n#uc_image_zoom_content_box_elementor_53896ac .uc_more {\n\tdisplay: ;\n\tcolor: #ffffff;\n\ttext-decoration: none;\n    background-color:#E9393D;\n   \n}\n\n#uc_image_zoom_content_box_elementor_53896ac .uc_more:hover {\n    background-color:#FFFFFF;\n    color:#E9393D;\n}\n\n#uc_image_zoom_content_box_elementor_53896ac .uc_content_box_zoom_effect_image\n{\nobject-fit:cover;\n}\n\n<\/style>\n\n<div class=\"uc_content_box_zoom_effect\" style=\"background-color:#FFFFFF00; text-align:left;\" id=\"uc_image_zoom_content_box_elementor_53896ac\"> \n  \n\n  \n  <div class=\"uc_content_box_zoom_effect_content\">\n    <a href=\"https:\/\/order.myshipleydonuts.com\/\" class=\"uc_title\" style=\";\"><span  class=\"uc_style_image_zoom_content_box_elementor_title\" >Entrega a domicilio<br><br><\/span><\/a>\n    <p class=\"uc_content\" style=\"text-align:left;\">Ahora puede seleccionar Entrega cuando realiza un pedido directamente desde nuestro sitio web. Tambi\u00e9n estamos disponibles en la mayor\u00eda de los servicios de pedidos \/ entrega de terceros como DoorDash, Uber Eats, GrubHub, Postmates y Favor. <br><br><\/p>\n    <a href=\"https:\/\/order.myshipleydonuts.com\/\"  target='_blank' class=\"uc_more\" style=\"display:inline-block;border-radius:41pxpx;\"><span  class=\"uc_style_image_zoom_content_box_elementor_read_more_txt\" >ORDENAR AHORA<\/span><\/a> \n  <\/div>\n<\/div>\n<!-- end Image Zoom Content Box -->\t\t<\/div>\n\t\t\t\t<\/div>\n\t\t\t\t\t<\/div>\n\t\t<\/div>\n\t\t\t\t<div class=\"elementor-column elementor-col-33 elementor-inner-column elementor-element elementor-element-2693099\" data-id=\"2693099\" data-element_type=\"column\">\n\t\t\t<div class=\"elementor-widget-wrap elementor-element-populated\">\n\t\t\t\t\t\t<div class=\"elementor-element elementor-element-e82fcc0 elementor-widget elementor-widget-ucaddon_image_zoom_content_box\" data-id=\"e82fcc0\" data-element_type=\"widget\" data-widget_type=\"ucaddon_image_zoom_content_box.default\">\n\t\t\t\t<div class=\"elementor-widget-container\">\n\t\t\t\n<!-- start Image Zoom Content Box -->\n<style>\/* widget: Image Zoom Content Box *\/\n\n.uc_content_box_zoom_effect *{\n\tmargin: 0;\n\tpadding: 0;\n}\n.uc_content_box_zoom_effect {\n\tbackground-color: #fff;\n\ttext-align: center;\n\ttransition: all 0.8s ease 0s;\n}\n.uc_content_box_zoom_effect:hover {\n\tbox-shadow: 0 -2px 29px 0 rgba(0,0,0,0.15);\n}\n.uc_content_box_zoom_effect:hover .uc_image {\n\ttransform: scale(1.2);\n\ttransition: all 0.8s ease 0s;\n}\n\n.uc_content_box_zoom_effect .uc_thumbnail {\n\tdisplay: block;\n\toverflow: hidden;\n\ttext-decoration: none;\n}\n.uc_content_box_zoom_effect .uc_image {\n\twidth: 100%;\n\ttransition: all 0.8s ease 0s;\n}\n.uc_content_box_zoom_effect .uc_title {\n\tdisplay: block;\n\tfont-size: 24px;\n\tcolor: #212121;\n\ttext-decoration: none;\n}\n.uc_content_box_zoom_effect .uc_content {\n\tcolor: #696969;\n\tline-height:1.5em;\n}\n#uc_image_zoom_content_box_elementor_e82fcc0 .uc_more {\n\tdisplay: ;\n\tcolor: #ffffff;\n\ttext-decoration: none;\n    background-color:#E9393D;\n   \n}\n\n#uc_image_zoom_content_box_elementor_e82fcc0 .uc_more:hover {\n    background-color:#FFFFFF;\n    color:#E9393D;\n}\n\n#uc_image_zoom_content_box_elementor_e82fcc0 .uc_content_box_zoom_effect_image\n{\nobject-fit:cover;\n}\n\n<\/style>\n\n<div class=\"uc_content_box_zoom_effect\" style=\"background-color:#FFFFFF00; text-align:left;\" id=\"uc_image_zoom_content_box_elementor_e82fcc0\"> \n  \n\n  \n  <div class=\"uc_content_box_zoom_effect_content\">\n    <a href=\"https:\/\/order.myshipleydonuts.com\/\" class=\"uc_title\" style=\";\"><span  class=\"uc_style_image_zoom_content_box_elementor_title\" >Tienda <br>Recoger<\/span><\/a>\n    <p class=\"uc_content\" style=\"text-align:left;\"><span  class=\"uc_style_image_zoom_content_box_elementor_description\" >\u00a1Vence a la multitud y s\u00e1ltate la cola! Haga su pedido cuando lo desee, para recogerlo cuando lo desee. Pague en l\u00ednea o en la tienda cuando recoja.\n<br>\n<br>\n<br>\n<\/span><\/p>\n    <a href=\"https:\/\/order.myshipleydonuts.com\/\"  target='_blank' class=\"uc_more\" style=\"display:inline-block;border-radius:41pxpx;\"><span  class=\"uc_style_image_zoom_content_box_elementor_read_more_txt\" >ORDENAR AHORA<\/span><\/a> \n  <\/div>\n<\/div>\n<!-- end Image Zoom Content Box -->\t\t<\/div>\n\t\t\t\t<\/div>\n\t\t\t\t\t<\/div>\n\t\t<\/div>\n\t\t\t\t\t<\/div>\n\t\t<\/section>\n\t\t\t\t\t<\/div>\n\t\t<\/div>\n\t\t\t\t\t<\/div>\n\t\t<\/section>\n\t\t\t\t<\/div>","protected":false},"excerpt":{"rendered":"<p>Pedidos en l\u00ednea Catering y entrega corporativos Requiere notificaci\u00f3n con 24 horas de anticipaci\u00f3n. Los pedidos se pueden realizar hasta con 30 d\u00edas de antelaci\u00f3n. La entrega est\u00e1 disponible en toda el \u00e1rea metropolitana de Houston las 24 horas del d\u00eda, los 7 d\u00edas de la semana. ORDENE AHORA Entrega a domicilio Ahora puede seleccionar Entrega cuando ordena directamente desde nuestro sitio web. Tambi\u00e9n estamos disponibles en la mayor\u00eda de los pedidos\/entregas de terceros [...]<\/p>","protected":false},"author":1,"featured_media":0,"parent":0,"menu_order":0,"comment_status":"closed","ping_status":"closed","template":"","meta":{"footnotes":""},"yoast_head":"<!-- This site is optimized with the Yoast SEO plugin v23.0 - https:\/\/yoast.com\/wordpress\/plugins\/seo\/ -->\n<title>Online Ordering | My Shipley Do-Nuts<\/title>\n<meta name=\"description\" content=\"Make your orders online with our website form or using Doordash. Receive the best donuts anywhere in Houston. Give us a call, order now! (713) 589-3292\" \/>\n<meta name=\"robots\" content=\"index, follow, max-snippet:-1, max-image-preview:large, max-video-preview:-1\" \/>\n<link rel=\"canonical\" href=\"https:\/\/myshipleydonuts.com\/es\/online-ordering\/\" \/>\n<meta property=\"og:locale\" content=\"es_MX\" \/>\n<meta property=\"og:type\" content=\"article\" \/>\n<meta property=\"og:title\" content=\"Online Ordering | My Shipley Do-Nuts\" \/>\n<meta property=\"og:description\" content=\"Make your orders online with our website form or using Doordash. Receive the best donuts anywhere in Houston. Give us a call, order now! (713) 589-3292\" \/>\n<meta property=\"og:url\" content=\"https:\/\/myshipleydonuts.com\/es\/online-ordering\/\" \/>\n<meta property=\"og:site_name\" content=\"Shipley Do-Nuts\" \/>\n<meta property=\"article:publisher\" content=\"https:\/\/www.facebook.com\/myshipleydonuts\" \/>\n<meta property=\"article:modified_time\" content=\"2024-04-03T19:24:20+00:00\" \/>\n<meta name=\"twitter:card\" content=\"summary_large_image\" \/>\n<meta name=\"twitter:site\" content=\"@myshipleydonuts\" \/>\n<meta name=\"twitter:label1\" content=\"Tiempo de lectura\" \/>\n\t<meta name=\"twitter:data1\" content=\"1 minuto\" \/>\n<script type=\"application\/ld+json\" class=\"yoast-schema-graph\">{\"@context\":\"https:\/\/schema.org\",\"@graph\":[{\"@type\":\"WebPage\",\"@id\":\"https:\/\/myshipleydonuts.com\/online-ordering\",\"url\":\"https:\/\/myshipleydonuts.com\/online-ordering\",\"name\":\"Online Ordering | My Shipley Do-Nuts\",\"isPartOf\":{\"@id\":\"https:\/\/myshipleydonuts.com\/#website\"},\"datePublished\":\"2020-10-28T22:08:06+00:00\",\"dateModified\":\"2024-04-03T19:24:20+00:00\",\"description\":\"Make your orders online with our website form or using Doordash. Receive the best donuts anywhere in Houston. Give us a call, order now! (713) 589-3292\",\"inLanguage\":\"es\",\"potentialAction\":[{\"@type\":\"ReadAction\",\"target\":[\"https:\/\/myshipleydonuts.com\/online-ordering\"]}]},{\"@type\":\"WebSite\",\"@id\":\"https:\/\/myshipleydonuts.com\/#website\",\"url\":\"https:\/\/myshipleydonuts.com\/\",\"name\":\"Shipley Do-Nuts\",\"description\":\"\",\"publisher\":{\"@id\":\"https:\/\/myshipleydonuts.com\/#organization\"},\"potentialAction\":[{\"@type\":\"SearchAction\",\"target\":{\"@type\":\"EntryPoint\",\"urlTemplate\":\"https:\/\/myshipleydonuts.com\/?s={search_term_string}\"},\"query-input\":\"required name=search_term_string\"}],\"inLanguage\":\"es\"},{\"@type\":\"Organization\",\"@id\":\"https:\/\/myshipleydonuts.com\/#organization\",\"name\":\"Shipley Do-Nuts\",\"url\":\"https:\/\/myshipleydonuts.com\/\",\"logo\":{\"@type\":\"ImageObject\",\"inLanguage\":\"es\",\"@id\":\"https:\/\/myshipleydonuts.com\/#\/schema\/logo\/image\/\",\"url\":\"https:\/\/myshipleydonuts.com\/wp-content\/uploads\/2020\/10\/Shipley-Logo-MLD-1.png\",\"contentUrl\":\"https:\/\/myshipleydonuts.com\/wp-content\/uploads\/2020\/10\/Shipley-Logo-MLD-1.png\",\"width\":250,\"height\":259,\"caption\":\"Shipley Do-Nuts\"},\"image\":{\"@id\":\"https:\/\/myshipleydonuts.com\/#\/schema\/logo\/image\/\"},\"sameAs\":[\"https:\/\/www.facebook.com\/myshipleydonuts\",\"https:\/\/x.com\/myshipleydonuts\",\"https:\/\/www.youtube.com\/user\/myshipleydonuts\"]}]}<\/script>\n<!-- \/ Yoast SEO plugin. -->","yoast_head_json":{"title":"Online Ordering | My Shipley Do-Nuts","description":"Make your orders online with our website form or using Doordash. Receive the best donuts anywhere in Houston. Give us a call, order now! (713) 589-3292","robots":{"index":"index","follow":"follow","max-snippet":"max-snippet:-1","max-image-preview":"max-image-preview:large","max-video-preview":"max-video-preview:-1"},"canonical":"https:\/\/myshipleydonuts.com\/es\/online-ordering\/","og_locale":"es_MX","og_type":"article","og_title":"Online Ordering | My Shipley Do-Nuts","og_description":"Make your orders online with our website form or using Doordash. Receive the best donuts anywhere in Houston. Give us a call, order now! (713) 589-3292","og_url":"https:\/\/myshipleydonuts.com\/es\/online-ordering\/","og_site_name":"Shipley Do-Nuts","article_publisher":"https:\/\/www.facebook.com\/myshipleydonuts","article_modified_time":"2024-04-03T19:24:20+00:00","twitter_card":"summary_large_image","twitter_site":"@myshipleydonuts","twitter_misc":{"Tiempo de lectura":"1 minuto"},"schema":{"@context":"https:\/\/schema.org","@graph":[{"@type":"WebPage","@id":"https:\/\/myshipleydonuts.com\/online-ordering","url":"https:\/\/myshipleydonuts.com\/online-ordering","name":"Online Ordering | My Shipley Do-Nuts","isPartOf":{"@id":"https:\/\/myshipleydonuts.com\/#website"},"datePublished":"2020-10-28T22:08:06+00:00","dateModified":"2024-04-03T19:24:20+00:00","description":"Make your orders online with our website form or using Doordash. Receive the best donuts anywhere in Houston. Give us a call, order now! (713) 589-3292","inLanguage":"es","potentialAction":[{"@type":"ReadAction","target":["https:\/\/myshipleydonuts.com\/online-ordering"]}]},{"@type":"WebSite","@id":"https:\/\/myshipleydonuts.com\/#website","url":"https:\/\/myshipleydonuts.com\/","name":"Shipley Do-Nuts","description":"","publisher":{"@id":"https:\/\/myshipleydonuts.com\/#organization"},"potentialAction":[{"@type":"SearchAction","target":{"@type":"EntryPoint","urlTemplate":"https:\/\/myshipleydonuts.com\/?s={search_term_string}"},"query-input":"required name=search_term_string"}],"inLanguage":"es"},{"@type":"Organization","@id":"https:\/\/myshipleydonuts.com\/#organization","name":"Shipley Do-Nuts","url":"https:\/\/myshipleydonuts.com\/","logo":{"@type":"ImageObject","inLanguage":"es","@id":"https:\/\/myshipleydonuts.com\/#\/schema\/logo\/image\/","url":"https:\/\/myshipleydonuts.com\/wp-content\/uploads\/2020\/10\/Shipley-Logo-MLD-1.png","contentUrl":"https:\/\/myshipleydonuts.com\/wp-content\/uploads\/2020\/10\/Shipley-Logo-MLD-1.png","width":250,"height":259,"caption":"Shipley Do-Nuts"},"image":{"@id":"https:\/\/myshipleydonuts.com\/#\/schema\/logo\/image\/"},"sameAs":["https:\/\/www.facebook.com\/myshipleydonuts","https:\/\/x.com\/myshipleydonuts","https:\/\/www.youtube.com\/user\/myshipleydonuts"]}]}},"_links":{"self":[{"href":"https:\/\/myshipleydonuts.com\/es\/wp-json\/wp\/v2\/pages\/1171"}],"collection":[{"href":"https:\/\/myshipleydonuts.com\/es\/wp-json\/wp\/v2\/pages"}],"about":[{"href":"https:\/\/myshipleydonuts.com\/es\/wp-json\/wp\/v2\/types\/page"}],"author":[{"embeddable":true,"href":"https:\/\/myshipleydonuts.com\/es\/wp-json\/wp\/v2\/users\/1"}],"replies":[{"embeddable":true,"href":"https:\/\/myshipleydonuts.com\/es\/wp-json\/wp\/v2\/comments?post=1171"}],"version-history":[{"count":59,"href":"https:\/\/myshipleydonuts.com\/es\/wp-json\/wp\/v2\/pages\/1171\/revisions"}],"predecessor-version":[{"id":5190,"href":"https:\/\/myshipleydonuts.com\/es\/wp-json\/wp\/v2\/pages\/1171\/revisions\/5190"}],"wp:attachment":[{"href":"https:\/\/myshipleydonuts.com\/es\/wp-json\/wp\/v2\/media?parent=1171"}],"curies":[{"name":"wp","href":"https:\/\/api.w.org\/{rel}","templated":true}]}}