{"id":3,"date":"2020-09-30T15:02:58","date_gmt":"2020-09-30T15:02:58","guid":{"rendered":"http:\/\/myshipleydonuts.com\/?page_id=3"},"modified":"2020-10-26T16:54:36","modified_gmt":"2020-10-26T16:54:36","slug":"privacy-policy","status":"publish","type":"page","link":"https:\/\/myshipleydonuts.com\/es\/privacy-policy","title":{"rendered":"Pol\u00edtica de privacidad"},"content":{"rendered":"<div data-elementor-type=\"wp-page\" data-elementor-id=\"3\" class=\"elementor elementor-3\" data-elementor-post-type=\"page\">\n\t\t\t\t\t\t<section class=\"elementor-section elementor-top-section elementor-element elementor-element-c28686f elementor-section-boxed elementor-section-height-default elementor-section-height-default\" data-id=\"c28686f\" data-element_type=\"section\">\n\t\t\t\t\t\t<div class=\"elementor-container elementor-column-gap-default\">\n\t\t\t\t\t<div class=\"elementor-column elementor-col-100 elementor-top-column elementor-element elementor-element-000d645\" data-id=\"000d645\" data-element_type=\"column\">\n\t\t\t<div class=\"elementor-widget-wrap elementor-element-populated\">\n\t\t\t\t\t\t<section class=\"elementor-section elementor-inner-section elementor-element elementor-element-161491a elementor-section-full_width elementor-section-height-default elementor-section-height-default\" data-id=\"161491a\" data-element_type=\"section\">\n\t\t\t\t\t\t<div class=\"elementor-container elementor-column-gap-default\">\n\t\t\t\t\t<div class=\"elementor-column elementor-col-100 elementor-inner-column elementor-element elementor-element-d6ee858\" data-id=\"d6ee858\" data-element_type=\"column\">\n\t\t\t<div class=\"elementor-widget-wrap elementor-element-populated\">\n\t\t\t\t\t\t<div class=\"elementor-element elementor-element-bf93289 elementor-widget elementor-widget-heading\" data-id=\"bf93289\" data-element_type=\"widget\" data-widget_type=\"heading.default\">\n\t\t\t\t<div class=\"elementor-widget-container\">\n\t\t\t<h2 class=\"elementor-heading-title elementor-size-default\">Pol\u00edtica de privacidad<\/h2>\t\t<\/div>\n\t\t\t\t<\/div>\n\t\t\t\t<div class=\"elementor-element elementor-element-cbf8904 elementor-widget elementor-widget-text-editor\" data-id=\"cbf8904\" data-element_type=\"widget\" data-widget_type=\"text-editor.default\">\n\t\t\t\t<div class=\"elementor-widget-container\">\n\t\t\t\t\t\t\t<p>Esta pol\u00edtica de privacidad revela las pr\u00e1cticas de privacidad de www.myshipleydonuts.com. Esta pol\u00edtica de privacidad se aplica \u00fanicamente a la informaci\u00f3n recopilada por este sitio web. Le notificar\u00e1 lo siguiente:<br \/>1. Qu\u00e9 informaci\u00f3n de identificaci\u00f3n personal se recopila de usted a trav\u00e9s del sitio web, c\u00f3mo se usa y con qui\u00e9n se puede compartir.<br \/>2. Qu\u00e9 opciones tiene a su disposici\u00f3n con respecto al uso de sus datos.<br \/>3. Los procedimientos de seguridad establecidos para proteger el uso indebido de su informaci\u00f3n.<br \/>4. C\u00f3mo puede corregir cualquier inexactitud en la informaci\u00f3n.<\/p>\n<h4>Recopilaci\u00f3n, uso e intercambio de informaci\u00f3n<\/h4>\n<p>Somos los \u00fanicos propietarios de la informaci\u00f3n recopilada en este sitio. Solo tenemos acceso a \/ recopilamos informaci\u00f3n que usted nos proporciona voluntariamente por correo electr\u00f3nico u otro contacto directo de su parte. No venderemos ni alquilaremos esta informaci\u00f3n a nadie.<br \/>Usaremos su informaci\u00f3n para responderle, con respecto al motivo por el que se comunic\u00f3 con nosotros. No compartiremos su informaci\u00f3n con terceros fuera de nuestra organizaci\u00f3n, salvo que sea necesario para cumplir con su solicitud, por ejemplo, para enviar un pedido.<br \/>A menos que nos pida que no lo hagamos, es posible que nos comuniquemos con usted por correo electr\u00f3nico en el futuro para informarle sobre ofertas especiales, nuevos productos o servicios, o cambios en esta pol\u00edtica de privacidad.<\/p>\n<h4>Su acceso y control sobre la informaci\u00f3n<\/h4>\n<p>Puede optar por no recibir nuestros contactos futuros en cualquier momento. Puede hacer lo siguiente en cualquier momento poni\u00e9ndose en contacto con nosotros a trav\u00e9s de la direcci\u00f3n de correo electr\u00f3nico o el n\u00famero de tel\u00e9fono que figura en nuestro sitio web:<br \/>\u2022 Vea qu\u00e9 datos tenemos sobre usted, si los hay.<br \/>\u2022 Cambiar \/ corregir cualquier dato que tengamos sobre usted.<br \/>\u2022 Haga que eliminemos cualquier dato que tengamos sobre usted.<br \/>\u2022 Expresar cualquier inquietud que tenga sobre el uso que hacemos de sus datos.<\/p>\n<h4>Seguridad<\/h4>\n<p>Tomamos precauciones para proteger su informaci\u00f3n. Cuando env\u00eda informaci\u00f3n confidencial a trav\u00e9s del sitio web, su informaci\u00f3n est\u00e1 protegida tanto en l\u00ednea como fuera de l\u00ednea.<br \/>Siempre que recopilamos informaci\u00f3n confidencial (como datos de tarjetas de cr\u00e9dito), esa informaci\u00f3n se cifra y se nos transmite de forma segura. Puede verificar esto buscando un icono de candado cerrado en la parte inferior de su navegador web o buscando &quot;https&quot; al comienzo de la direcci\u00f3n de la p\u00e1gina web.<br \/>Si bien utilizamos el cifrado para proteger la informaci\u00f3n confidencial transmitida en l\u00ednea, tambi\u00e9n protegemos su informaci\u00f3n fuera de l\u00ednea. Solo los empleados que necesitan la informaci\u00f3n para realizar un trabajo espec\u00edfico (por ejemplo, facturaci\u00f3n o servicio al cliente) tienen acceso a la informaci\u00f3n de identificaci\u00f3n personal. Las computadoras \/ servidores en los que almacenamos informaci\u00f3n de identificaci\u00f3n personal se mantienen en un entorno seguro.<\/p>\n<h4>Registro<\/h4>\n<p>Para utilizar este sitio web, el usuario primero debe completar el formulario de registro. Durante el registro, el usuario debe proporcionar cierta informaci\u00f3n (como nombre y direcci\u00f3n de correo electr\u00f3nico). Esta informaci\u00f3n se utiliza para comunicarnos con usted sobre los productos \/ servicios de nuestro sitio en los que ha expresado inter\u00e9s. Si lo desea, tambi\u00e9n puede proporcionar informaci\u00f3n demogr\u00e1fica (como sexo o edad) sobre usted, pero no es obligatorio.<\/p>\n<h4>Pedidos<\/h4>\n<p>Solicitamos informaci\u00f3n de usted en nuestro formulario de pedido. Para comprar con nosotros, debe proporcionar informaci\u00f3n de contacto (como nombre y direcci\u00f3n de env\u00edo) e informaci\u00f3n financiera (como n\u00famero de tarjeta de cr\u00e9dito, fecha de vencimiento). Esta informaci\u00f3n se utiliza para fines de facturaci\u00f3n y para completar sus pedidos. Si tenemos problemas para procesar un pedido, usaremos esta informaci\u00f3n para comunicarnos con usted.<\/p>\n<h4>Compartiendo<\/h4>\n<p>Compartimos informaci\u00f3n demogr\u00e1fica agregada con nuestros socios y anunciantes. Esto no est\u00e1 vinculado a ninguna informaci\u00f3n personal que pueda identificar a una persona individual.<br \/>Y \/ o:<br \/>Usamos una empresa de env\u00edo externa para enviar pedidos y una empresa de procesamiento de tarjetas de cr\u00e9dito para facturar a los usuarios por bienes y servicios. Estas empresas no retienen, comparten, almacenan ni utilizan informaci\u00f3n de identificaci\u00f3n personal para ning\u00fan prop\u00f3sito secundario m\u00e1s all\u00e1 de completar su pedido.<br \/>Y \/ o:<br \/>Nos asociamos con otra parte para proporcionar servicios espec\u00edficos. Cuando el usuario se suscribe a estos servicios, compartiremos nombres u otra informaci\u00f3n de contacto que sea necesaria para que el tercero proporcione estos servicios. Estas partes no est\u00e1n autorizadas a utilizar informaci\u00f3n de identificaci\u00f3n personal excepto con el prop\u00f3sito de proporcionar estos servicios.<\/p>\n<h4>Enlaces<\/h4>\n<p>Este sitio web contiene enlaces a otros sitios. Tenga en cuenta que no somos responsables del contenido o las pr\u00e1cticas de privacidad de esos otros sitios. Alentamos a nuestros usuarios a estar atentos cuando abandonan nuestro sitio y a leer las declaraciones de privacidad de cualquier otro sitio que recopile informaci\u00f3n de identificaci\u00f3n personal.<\/p>\n<h4>Galletas<\/h4>\n<p>Usamos cookies en este sitio. Una cookie es un dato almacenado en el disco duro de un visitante del sitio para ayudarnos a mejorar su acceso a nuestro sitio e identificar a los visitantes habituales. Por ejemplo, cuando usamos una cookie para identificarlo, no tendr\u00eda que ingresar una contrase\u00f1a m\u00e1s de una vez, lo que le permitir\u00e1 ahorrar tiempo en nuestro sitio. Las cookies tambi\u00e9n pueden permitirnos rastrear y enfocar los intereses de nuestros usuarios para mejorar la experiencia en nuestro sitio. El uso de una cookie no est\u00e1 vinculado de ninguna manera a ninguna informaci\u00f3n de identificaci\u00f3n personal en nuestro sitio.<\/p>\n<h4>Actualizaciones<\/h4>\n<p>Nuestra Pol\u00edtica de privacidad puede cambiar de vez en cuando y todas las actualizaciones se publicar\u00e1n en esta p\u00e1gina.<br \/>Si cree que no estamos cumpliendo con esta pol\u00edtica de privacidad, debe comunicarse con nosotros inmediatamente por tel\u00e9fono al 713-589-3292 o por correo electr\u00f3nico: mike.simon (at) myshipleydonuts.com.<\/p>\t\t\t\t\t\t<\/div>\n\t\t\t\t<\/div>\n\t\t\t\t\t<\/div>\n\t\t<\/div>\n\t\t\t\t\t<\/div>\n\t\t<\/section>\n\t\t\t\t\t<\/div>\n\t\t<\/div>\n\t\t\t\t\t<\/div>\n\t\t<\/section>\n\t\t\t\t<\/div>","protected":false},"excerpt":{"rendered":"<p>Pol\u00edtica de privacidad Esta pol\u00edtica de privacidad revela las pr\u00e1cticas de privacidad de www.myshipleydonuts.com. Esta pol\u00edtica de privacidad se aplica \u00fanicamente a la informaci\u00f3n recopilada por este sitio web. Le notificar\u00e1 lo siguiente: 1. Qu\u00e9 informaci\u00f3n de identificaci\u00f3n personal se recopila de usted a trav\u00e9s del sitio web, c\u00f3mo se usa y con qui\u00e9n se puede compartir. \u00bfQu\u00e9 opciones [\u2026]<\/p>","protected":false},"author":1,"featured_media":0,"parent":0,"menu_order":0,"comment_status":"closed","ping_status":"open","template":"","meta":{"footnotes":""},"yoast_head":"<!-- This site is optimized with the Yoast SEO plugin v23.0 - https:\/\/yoast.com\/wordpress\/plugins\/seo\/ -->\n<title>Privacy Policy | My Shipley Do-Nuts<\/title>\n<meta name=\"description\" content=\"This privacy policy discloses the privacy practices for our site. It applies solely to information collected by this web site. Call us (713) 589-3292\" \/>\n<meta name=\"robots\" content=\"index, follow, max-snippet:-1, max-image-preview:large, max-video-preview:-1\" \/>\n<link rel=\"canonical\" href=\"https:\/\/myshipleydonuts.com\/es\/privacy-policy\/\" \/>\n<meta property=\"og:locale\" content=\"es_MX\" \/>\n<meta property=\"og:type\" content=\"article\" \/>\n<meta property=\"og:title\" content=\"Privacy Policy | My Shipley Do-Nuts\" \/>\n<meta property=\"og:description\" content=\"This privacy policy discloses the privacy practices for our site. It applies solely to information collected by this web site. Call us (713) 589-3292\" \/>\n<meta property=\"og:url\" content=\"https:\/\/myshipleydonuts.com\/es\/privacy-policy\/\" \/>\n<meta property=\"og:site_name\" content=\"Shipley Do-Nuts\" \/>\n<meta property=\"article:publisher\" content=\"https:\/\/www.facebook.com\/myshipleydonuts\" \/>\n<meta property=\"article:modified_time\" content=\"2020-10-26T16:54:36+00:00\" \/>\n<meta name=\"twitter:card\" content=\"summary_large_image\" \/>\n<meta name=\"twitter:site\" content=\"@myshipleydonuts\" \/>\n<meta name=\"twitter:label1\" content=\"Tiempo de lectura\" \/>\n\t<meta name=\"twitter:data1\" content=\"4 minutos\" \/>\n<script type=\"application\/ld+json\" class=\"yoast-schema-graph\">{\"@context\":\"https:\/\/schema.org\",\"@graph\":[{\"@type\":\"WebPage\",\"@id\":\"https:\/\/myshipleydonuts.com\/privacy-policy\",\"url\":\"https:\/\/myshipleydonuts.com\/privacy-policy\",\"name\":\"Privacy Policy | My Shipley Do-Nuts\",\"isPartOf\":{\"@id\":\"https:\/\/myshipleydonuts.com\/#website\"},\"datePublished\":\"2020-09-30T15:02:58+00:00\",\"dateModified\":\"2020-10-26T16:54:36+00:00\",\"description\":\"This privacy policy discloses the privacy practices for our site. It applies solely to information collected by this web site. Call us (713) 589-3292\",\"inLanguage\":\"es\",\"potentialAction\":[{\"@type\":\"ReadAction\",\"target\":[\"https:\/\/myshipleydonuts.com\/privacy-policy\"]}]},{\"@type\":\"WebSite\",\"@id\":\"https:\/\/myshipleydonuts.com\/#website\",\"url\":\"https:\/\/myshipleydonuts.com\/\",\"name\":\"Shipley Do-Nuts\",\"description\":\"\",\"publisher\":{\"@id\":\"https:\/\/myshipleydonuts.com\/#organization\"},\"potentialAction\":[{\"@type\":\"SearchAction\",\"target\":{\"@type\":\"EntryPoint\",\"urlTemplate\":\"https:\/\/myshipleydonuts.com\/?s={search_term_string}\"},\"query-input\":\"required name=search_term_string\"}],\"inLanguage\":\"es\"},{\"@type\":\"Organization\",\"@id\":\"https:\/\/myshipleydonuts.com\/#organization\",\"name\":\"Shipley Do-Nuts\",\"url\":\"https:\/\/myshipleydonuts.com\/\",\"logo\":{\"@type\":\"ImageObject\",\"inLanguage\":\"es\",\"@id\":\"https:\/\/myshipleydonuts.com\/#\/schema\/logo\/image\/\",\"url\":\"https:\/\/myshipleydonuts.com\/wp-content\/uploads\/2020\/10\/Shipley-Logo-MLD-1.png\",\"contentUrl\":\"https:\/\/myshipleydonuts.com\/wp-content\/uploads\/2020\/10\/Shipley-Logo-MLD-1.png\",\"width\":250,\"height\":259,\"caption\":\"Shipley Do-Nuts\"},\"image\":{\"@id\":\"https:\/\/myshipleydonuts.com\/#\/schema\/logo\/image\/\"},\"sameAs\":[\"https:\/\/www.facebook.com\/myshipleydonuts\",\"https:\/\/x.com\/myshipleydonuts\",\"https:\/\/www.youtube.com\/user\/myshipleydonuts\"]}]}<\/script>\n<!-- \/ Yoast SEO plugin. -->","yoast_head_json":{"title":"Privacy Policy | My Shipley Do-Nuts","description":"This privacy policy discloses the privacy practices for our site. It applies solely to information collected by this web site. Call us (713) 589-3292","robots":{"index":"index","follow":"follow","max-snippet":"max-snippet:-1","max-image-preview":"max-image-preview:large","max-video-preview":"max-video-preview:-1"},"canonical":"https:\/\/myshipleydonuts.com\/es\/privacy-policy\/","og_locale":"es_MX","og_type":"article","og_title":"Privacy Policy | My Shipley Do-Nuts","og_description":"This privacy policy discloses the privacy practices for our site. It applies solely to information collected by this web site. Call us (713) 589-3292","og_url":"https:\/\/myshipleydonuts.com\/es\/privacy-policy\/","og_site_name":"Shipley Do-Nuts","article_publisher":"https:\/\/www.facebook.com\/myshipleydonuts","article_modified_time":"2020-10-26T16:54:36+00:00","twitter_card":"summary_large_image","twitter_site":"@myshipleydonuts","twitter_misc":{"Tiempo de lectura":"4 minutos"},"schema":{"@context":"https:\/\/schema.org","@graph":[{"@type":"WebPage","@id":"https:\/\/myshipleydonuts.com\/privacy-policy","url":"https:\/\/myshipleydonuts.com\/privacy-policy","name":"Privacy Policy | My Shipley Do-Nuts","isPartOf":{"@id":"https:\/\/myshipleydonuts.com\/#website"},"datePublished":"2020-09-30T15:02:58+00:00","dateModified":"2020-10-26T16:54:36+00:00","description":"This privacy policy discloses the privacy practices for our site. It applies solely to information collected by this web site. Call us (713) 589-3292","inLanguage":"es","potentialAction":[{"@type":"ReadAction","target":["https:\/\/myshipleydonuts.com\/privacy-policy"]}]},{"@type":"WebSite","@id":"https:\/\/myshipleydonuts.com\/#website","url":"https:\/\/myshipleydonuts.com\/","name":"Shipley Do-Nuts","description":"","publisher":{"@id":"https:\/\/myshipleydonuts.com\/#organization"},"potentialAction":[{"@type":"SearchAction","target":{"@type":"EntryPoint","urlTemplate":"https:\/\/myshipleydonuts.com\/?s={search_term_string}"},"query-input":"required name=search_term_string"}],"inLanguage":"es"},{"@type":"Organization","@id":"https:\/\/myshipleydonuts.com\/#organization","name":"Shipley Do-Nuts","url":"https:\/\/myshipleydonuts.com\/","logo":{"@type":"ImageObject","inLanguage":"es","@id":"https:\/\/myshipleydonuts.com\/#\/schema\/logo\/image\/","url":"https:\/\/myshipleydonuts.com\/wp-content\/uploads\/2020\/10\/Shipley-Logo-MLD-1.png","contentUrl":"https:\/\/myshipleydonuts.com\/wp-content\/uploads\/2020\/10\/Shipley-Logo-MLD-1.png","width":250,"height":259,"caption":"Shipley Do-Nuts"},"image":{"@id":"https:\/\/myshipleydonuts.com\/#\/schema\/logo\/image\/"},"sameAs":["https:\/\/www.facebook.com\/myshipleydonuts","https:\/\/x.com\/myshipleydonuts","https:\/\/www.youtube.com\/user\/myshipleydonuts"]}]}},"_links":{"self":[{"href":"https:\/\/myshipleydonuts.com\/es\/wp-json\/wp\/v2\/pages\/3"}],"collection":[{"href":"https:\/\/myshipleydonuts.com\/es\/wp-json\/wp\/v2\/pages"}],"about":[{"href":"https:\/\/myshipleydonuts.com\/es\/wp-json\/wp\/v2\/types\/page"}],"author":[{"embeddable":true,"href":"https:\/\/myshipleydonuts.com\/es\/wp-json\/wp\/v2\/users\/1"}],"replies":[{"embeddable":true,"href":"https:\/\/myshipleydonuts.com\/es\/wp-json\/wp\/v2\/comments?post=3"}],"version-history":[{"count":2,"href":"https:\/\/myshipleydonuts.com\/es\/wp-json\/wp\/v2\/pages\/3\/revisions"}],"predecessor-version":[{"id":1129,"href":"https:\/\/myshipleydonuts.com\/es\/wp-json\/wp\/v2\/pages\/3\/revisions\/1129"}],"wp:attachment":[{"href":"https:\/\/myshipleydonuts.com\/es\/wp-json\/wp\/v2\/media?parent=3"}],"curies":[{"name":"wp","href":"https:\/\/api.w.org\/{rel}","templated":true}]}}