{"id":331,"date":"2020-10-02T14:42:25","date_gmt":"2020-10-02T14:42:25","guid":{"rendered":"http:\/\/myshipleydonuts.com\/?page_id=331"},"modified":"2025-09-09T10:17:41","modified_gmt":"2025-09-09T10:17:41","slug":"contact-us","status":"publish","type":"page","link":"https:\/\/myshipleydonuts.com\/es\/contact-us","title":{"rendered":"Cont\u00e1ctenos"},"content":{"rendered":"<div data-elementor-type=\"wp-page\" data-elementor-id=\"331\" class=\"elementor elementor-331\" data-elementor-post-type=\"page\">\n\t\t\t\t\t\t<section class=\"elementor-section elementor-top-section elementor-element elementor-element-7cf9d5e elementor-section-boxed elementor-section-height-default elementor-section-height-default\" data-id=\"7cf9d5e\" data-element_type=\"section\" data-settings=\"{&quot;background_background&quot;:&quot;gradient&quot;}\">\n\t\t\t\t\t\t<div class=\"elementor-container elementor-column-gap-default\">\n\t\t\t\t\t<div class=\"elementor-column elementor-col-100 elementor-top-column elementor-element elementor-element-0e59c2e\" data-id=\"0e59c2e\" data-element_type=\"column\" data-settings=\"{&quot;background_background&quot;:&quot;classic&quot;}\">\n\t\t\t<div class=\"elementor-widget-wrap elementor-element-populated\">\n\t\t\t\t\t\t<section class=\"elementor-section elementor-inner-section elementor-element elementor-element-20c0b0a elementor-section-boxed elementor-section-height-default elementor-section-height-default\" data-id=\"20c0b0a\" data-element_type=\"section\">\n\t\t\t\t\t\t<div class=\"elementor-container elementor-column-gap-default\">\n\t\t\t\t\t<div class=\"elementor-column elementor-col-50 elementor-inner-column elementor-element elementor-element-a7222d1\" data-id=\"a7222d1\" data-element_type=\"column\">\n\t\t\t<div class=\"elementor-widget-wrap elementor-element-populated\">\n\t\t\t\t\t\t<div class=\"elementor-element elementor-element-6117b8e elementor-widget elementor-widget-heading\" data-id=\"6117b8e\" data-element_type=\"widget\" data-widget_type=\"heading.default\">\n\t\t\t\t<div class=\"elementor-widget-container\">\n\t\t\t<h2 class=\"elementor-heading-title elementor-size-default\">Cont\u00e1ctenos<\/h2>\t\t<\/div>\n\t\t\t\t<\/div>\n\t\t\t\t<div class=\"elementor-element elementor-element-599d01f elementor-widget elementor-widget-text-editor\" data-id=\"599d01f\" data-element_type=\"widget\" data-widget_type=\"text-editor.default\">\n\t\t\t\t<div class=\"elementor-widget-container\">\n\t\t\t\t\t\t\t<p>Visite Shipley Do-Nuts en 12403 Westheimer (entre Dairy Ashford y Kirkwood) no solo para obtener los mejores Shipley Do-Nuts calientes y suaves que jam\u00e1s haya envuelto en sus labios, sino tambi\u00e9n todas las variedades de kolaches frescos y c\u00e1lidos que se ofrecen las 24 horas del d\u00eda. en nuestra tienda de donas de Houston.<\/p>\t\t\t\t\t\t<\/div>\n\t\t\t\t<\/div>\n\t\t\t\t\t<\/div>\n\t\t<\/div>\n\t\t\t\t<div class=\"elementor-column elementor-col-50 elementor-inner-column elementor-element elementor-element-f6dbd6e\" data-id=\"f6dbd6e\" data-element_type=\"column\">\n\t\t\t<div class=\"elementor-widget-wrap elementor-element-populated\">\n\t\t\t\t\t\t<div class=\"elementor-element elementor-element-7858605 elementor-widget elementor-widget-image\" data-id=\"7858605\" data-element_type=\"widget\" data-widget_type=\"image.default\">\n\t\t\t\t<div class=\"elementor-widget-container\">\n\t\t\t\t\t\t\t\t\t\t\t\t\t<img fetchpriority=\"high\" decoding=\"async\" width=\"960\" height=\"921\" src=\"https:\/\/myshipleydonuts.com\/wp-content\/uploads\/2020\/11\/IMG_4921.jpeg\" class=\"attachment-full size-full wp-image-3563\" alt=\"\" srcset=\"https:\/\/myshipleydonuts.com\/wp-content\/uploads\/2020\/11\/IMG_4921.jpeg 960w, https:\/\/myshipleydonuts.com\/wp-content\/uploads\/2020\/11\/IMG_4921-300x288.jpeg 300w, https:\/\/myshipleydonuts.com\/wp-content\/uploads\/2020\/11\/IMG_4921-150x144.jpeg 150w, https:\/\/myshipleydonuts.com\/wp-content\/uploads\/2020\/11\/IMG_4921-768x737.jpeg 768w, https:\/\/myshipleydonuts.com\/wp-content\/uploads\/2020\/11\/IMG_4921-13x12.jpeg 13w\" sizes=\"(max-width: 960px) 100vw, 960px\" \/>\t\t\t\t\t\t\t\t\t\t\t\t\t<\/div>\n\t\t\t\t<\/div>\n\t\t\t\t\t<\/div>\n\t\t<\/div>\n\t\t\t\t\t<\/div>\n\t\t<\/section>\n\t\t\t\t\t<\/div>\n\t\t<\/div>\n\t\t\t\t\t<\/div>\n\t\t<\/section>\n\t\t\t\t<section class=\"elementor-section elementor-top-section elementor-element elementor-element-fd60bb3 elementor-section-stretched elementor-section-boxed elementor-section-height-default elementor-section-height-default\" data-id=\"fd60bb3\" data-element_type=\"section\" data-settings=\"{&quot;stretch_section&quot;:&quot;section-stretched&quot;}\">\n\t\t\t\t\t\t<div class=\"elementor-container elementor-column-gap-default\">\n\t\t\t\t\t<div class=\"elementor-column elementor-col-100 elementor-top-column elementor-element elementor-element-7971875\" data-id=\"7971875\" data-element_type=\"column\">\n\t\t\t<div class=\"elementor-widget-wrap elementor-element-populated\">\n\t\t\t\t\t\t<section class=\"elementor-section elementor-inner-section elementor-element elementor-element-bbbd347 elementor-section-boxed elementor-section-height-default elementor-section-height-default\" data-id=\"bbbd347\" data-element_type=\"section\">\n\t\t\t\t\t\t<div class=\"elementor-container elementor-column-gap-default\">\n\t\t\t\t\t<div class=\"elementor-column elementor-col-33 elementor-inner-column elementor-element elementor-element-0535c38\" data-id=\"0535c38\" data-element_type=\"column\">\n\t\t\t<div class=\"elementor-widget-wrap elementor-element-populated\">\n\t\t\t\t\t\t<div class=\"elementor-element elementor-element-0f40006 elementor-widget elementor-widget-google_maps\" data-id=\"0f40006\" data-element_type=\"widget\" data-widget_type=\"google_maps.default\">\n\t\t\t\t<div class=\"elementor-widget-container\">\n\t\t\t\t\t<div class=\"elementor-custom-embed\">\n\t\t\t<iframe loading=\"lazy\"\n\t\t\t\t\tsrc=\"https:\/\/maps.google.com\/maps?q=12403%20Westheimer%20Rd.%20Houston%2C%20TX%2077077%20%28Entre%20Dairy%20Ashford%20%26amp%3B%20Kirkwood%29&#038;t=m&#038;z=9&#038;output=embed&#038;iwloc=near\"\n\t\t\t\t\ttitle=\"12403 Westheimer Rd. Houston, TX 77077 (Entre Dairy Ashford y Kirkwood)\"\n\t\t\t\t\taria-label=\"12403 Westheimer Rd. Houston, TX 77077 (Entre Dairy Ashford y Kirkwood)\"\n\t\t\t><\/iframe>\n\t\t<\/div>\n\t\t\t\t<\/div>\n\t\t\t\t<\/div>\n\t\t\t\t<div class=\"elementor-element elementor-element-a0dc7e7 elementor-hidden-desktop elementor-hidden-tablet elementor-hidden-phone elementor-widget elementor-widget-image\" data-id=\"a0dc7e7\" data-element_type=\"widget\" data-widget_type=\"image.default\">\n\t\t\t\t<div class=\"elementor-widget-container\">\n\t\t\t\t\t\t\t\t\t\t\t\t\t<img decoding=\"async\" width=\"357\" height=\"221\" src=\"https:\/\/myshipleydonuts.com\/wp-content\/uploads\/2020\/10\/cnt.jpg\" class=\"attachment-full size-full wp-image-356\" alt=\"\" srcset=\"https:\/\/myshipleydonuts.com\/wp-content\/uploads\/2020\/10\/cnt.jpg 357w, https:\/\/myshipleydonuts.com\/wp-content\/uploads\/2020\/10\/cnt-300x186.jpg 300w, https:\/\/myshipleydonuts.com\/wp-content\/uploads\/2020\/10\/cnt-150x93.jpg 150w\" sizes=\"(max-width: 357px) 100vw, 357px\" \/>\t\t\t\t\t\t\t\t\t\t\t\t\t<\/div>\n\t\t\t\t<\/div>\n\t\t\t\t<div class=\"elementor-element elementor-element-fb3cbfd elementor-widget elementor-widget-image\" data-id=\"fb3cbfd\" data-element_type=\"widget\" data-widget_type=\"image.default\">\n\t\t\t\t<div class=\"elementor-widget-container\">\n\t\t\t\t\t\t\t\t\t\t\t\t\t<img decoding=\"async\" width=\"328\" height=\"78\" src=\"https:\/\/myshipleydonuts.com\/wp-content\/uploads\/2020\/10\/log.png\" class=\"attachment-full size-full wp-image-354\" alt=\"\" srcset=\"https:\/\/myshipleydonuts.com\/wp-content\/uploads\/2020\/10\/log.png 328w, https:\/\/myshipleydonuts.com\/wp-content\/uploads\/2020\/10\/log-300x71.png 300w, https:\/\/myshipleydonuts.com\/wp-content\/uploads\/2020\/10\/log-150x36.png 150w\" sizes=\"(max-width: 328px) 100vw, 328px\" \/>\t\t\t\t\t\t\t\t\t\t\t\t\t<\/div>\n\t\t\t\t<\/div>\n\t\t\t\t<div class=\"elementor-element elementor-element-aa81548 elementor-widget elementor-widget-heading\" data-id=\"aa81548\" data-element_type=\"widget\" data-widget_type=\"heading.default\">\n\t\t\t\t<div class=\"elementor-widget-container\">\n\t\t\t<h4 class=\"elementor-heading-title elementor-size-default\">WESTHEIMER RD<\/h4>\t\t<\/div>\n\t\t\t\t<\/div>\n\t\t\t\t<div class=\"elementor-element elementor-element-03a539c elementor-widget elementor-widget-text-editor\" data-id=\"03a539c\" data-element_type=\"widget\" data-widget_type=\"text-editor.default\">\n\t\t\t\t<div class=\"elementor-widget-container\">\n\t\t\t\t\t\t\t<p><a href=\"https:\/\/www.google.com\/maps\/dir\/\/12403+Westheimer+Road,+Houston,+TX+77077\/@29.735738,-95.602415,15z\/data=!4m9!4m8!1m0!1m5!1m1!1s0x8640dcf438f324c1:0x93f1be2e937bc021!2m2!1d-95.60025!2d29.735871!3e0?hl=en-US\" target=\"_blank\" rel=\"noopener\">12403 Westheimer Rd. Houston, TX 77077 (Entre Dairy Ashford y Kirkwood)<\/a><\/p><p>Abierto las 24 horas<\/p><p>(713) 589-3292 Tel\u00e9fono<br \/>(713) 559-3033 Fax<\/p>\t\t\t\t\t\t<\/div>\n\t\t\t\t<\/div>\n\t\t\t\t\t<\/div>\n\t\t<\/div>\n\t\t\t\t<div class=\"elementor-column elementor-col-33 elementor-inner-column elementor-element elementor-element-5036e2b\" data-id=\"5036e2b\" data-element_type=\"column\">\n\t\t\t<div class=\"elementor-widget-wrap\">\n\t\t\t\t\t\t\t<\/div>\n\t\t<\/div>\n\t\t\t\t<div class=\"elementor-column elementor-col-33 elementor-inner-column elementor-element elementor-element-ba65eb3\" data-id=\"ba65eb3\" data-element_type=\"column\">\n\t\t\t<div class=\"elementor-widget-wrap elementor-element-populated\">\n\t\t\t\t\t\t<div class=\"elementor-element elementor-element-5d04e83 elementor-widget elementor-widget-google_maps\" data-id=\"5d04e83\" data-element_type=\"widget\" data-widget_type=\"google_maps.default\">\n\t\t\t\t<div class=\"elementor-widget-container\">\n\t\t\t\t\t<div class=\"elementor-custom-embed\">\n\t\t\t<iframe loading=\"lazy\"\n\t\t\t\t\tsrc=\"https:\/\/maps.google.com\/maps?q=1001%20McKinney%20St.%20Houston%2C%20TX%2077002%20%28Between%20Main%20%26%20Fannin%29%20%28Inside%20the%20Tunnels%29&#038;t=m&#038;z=9&#038;output=embed&#038;iwloc=near\"\n\t\t\t\t\ttitle=\"1001 McKinney St. Houston, TX 77002 (entre Main y Fannin) (dentro de los t\u00faneles)\"\n\t\t\t\t\taria-label=\"1001 McKinney St. Houston, TX 77002 (entre Main y Fannin) (dentro de los t\u00faneles)\"\n\t\t\t><\/iframe>\n\t\t<\/div>\n\t\t\t\t<\/div>\n\t\t\t\t<\/div>\n\t\t\t\t<div class=\"elementor-element elementor-element-7b1fd82 elementor-hidden-desktop elementor-hidden-tablet elementor-hidden-phone elementor-widget elementor-widget-image\" data-id=\"7b1fd82\" data-element_type=\"widget\" data-widget_type=\"image.default\">\n\t\t\t\t<div class=\"elementor-widget-container\">\n\t\t\t\t\t\t\t\t\t\t\t\t\t<img loading=\"lazy\" decoding=\"async\" width=\"359\" height=\"221\" src=\"https:\/\/myshipleydonuts.com\/wp-content\/uploads\/2020\/10\/cnt1.jpg\" class=\"attachment-full size-full wp-image-353\" alt=\"\" srcset=\"https:\/\/myshipleydonuts.com\/wp-content\/uploads\/2020\/10\/cnt1.jpg 359w, https:\/\/myshipleydonuts.com\/wp-content\/uploads\/2020\/10\/cnt1-300x185.jpg 300w, https:\/\/myshipleydonuts.com\/wp-content\/uploads\/2020\/10\/cnt1-150x92.jpg 150w\" sizes=\"(max-width: 359px) 100vw, 359px\" \/>\t\t\t\t\t\t\t\t\t\t\t\t\t<\/div>\n\t\t\t\t<\/div>\n\t\t\t\t<div class=\"elementor-element elementor-element-74703d6 elementor-widget elementor-widget-image\" data-id=\"74703d6\" data-element_type=\"widget\" data-widget_type=\"image.default\">\n\t\t\t\t<div class=\"elementor-widget-container\">\n\t\t\t\t\t\t\t\t\t\t\t\t\t<img decoding=\"async\" width=\"328\" height=\"78\" src=\"https:\/\/myshipleydonuts.com\/wp-content\/uploads\/2020\/10\/log.png\" class=\"attachment-full size-full wp-image-354\" alt=\"\" srcset=\"https:\/\/myshipleydonuts.com\/wp-content\/uploads\/2020\/10\/log.png 328w, https:\/\/myshipleydonuts.com\/wp-content\/uploads\/2020\/10\/log-300x71.png 300w, https:\/\/myshipleydonuts.com\/wp-content\/uploads\/2020\/10\/log-150x36.png 150w\" sizes=\"(max-width: 328px) 100vw, 328px\" \/>\t\t\t\t\t\t\t\t\t\t\t\t\t<\/div>\n\t\t\t\t<\/div>\n\t\t\t\t<div class=\"elementor-element elementor-element-efceb3c elementor-widget elementor-widget-heading\" data-id=\"efceb3c\" data-element_type=\"widget\" data-widget_type=\"heading.default\">\n\t\t\t\t<div class=\"elementor-widget-container\">\n\t\t\t<h4 class=\"elementor-heading-title elementor-size-default\">UBICACI\u00d3N C\u00c9NTRICA<\/h4>\t\t<\/div>\n\t\t\t\t<\/div>\n\t\t\t\t<div class=\"elementor-element elementor-element-071bb93 elementor-widget elementor-widget-text-editor\" data-id=\"071bb93\" data-element_type=\"widget\" data-widget_type=\"text-editor.default\">\n\t\t\t\t<div class=\"elementor-widget-container\">\n\t\t\t\t\t\t\t<p><a href=\"https:\/\/www.google.com\/maps\/place\/1001+McKinney+St,+Houston,+TX+77002\/@29.7568842,-95.3642926,17z\/data=!3m1!4b1!4m2!3m1!1s0x8640bf3b6c3c2f35:0x38bd0e0666ceed54\" target=\"_blank\" rel=\"noopener\">1001 McKinney St. Houston, TX 77002 (entre Main y Fannin) (dentro de los t\u00faneles)<\/a><\/p><p>ABIERTO: Lunes - Viernes 5am - 3pm<\/p><p>(713) 651-3033 Tel\u00e9fono<br \/>(713) 559-3033 Fax<\/p>\t\t\t\t\t\t<\/div>\n\t\t\t\t<\/div>\n\t\t\t\t\t<\/div>\n\t\t<\/div>\n\t\t\t\t\t<\/div>\n\t\t<\/section>\n\t\t\t\t\t<\/div>\n\t\t<\/div>\n\t\t\t\t\t<\/div>\n\t\t<\/section>\n\t\t\t\t<section class=\"elementor-section elementor-top-section elementor-element elementor-element-71cc218 elementor-section-boxed elementor-section-height-default elementor-section-height-default\" data-id=\"71cc218\" data-element_type=\"section\">\n\t\t\t\t\t\t<div class=\"elementor-container elementor-column-gap-default\">\n\t\t\t\t\t<div class=\"elementor-column elementor-col-100 elementor-top-column elementor-element elementor-element-25a5059\" data-id=\"25a5059\" data-element_type=\"column\">\n\t\t\t<div class=\"elementor-widget-wrap elementor-element-populated\">\n\t\t\t\t\t\t<section class=\"elementor-section elementor-inner-section elementor-element elementor-element-9ca4399 elementor-reverse-mobile elementor-section-boxed elementor-section-height-default elementor-section-height-default\" data-id=\"9ca4399\" data-element_type=\"section\">\n\t\t\t\t\t\t<div class=\"elementor-container elementor-column-gap-default\">\n\t\t\t\t\t<div class=\"elementor-column elementor-col-50 elementor-inner-column elementor-element elementor-element-c03108f\" data-id=\"c03108f\" data-element_type=\"column\">\n\t\t\t<div class=\"elementor-widget-wrap elementor-element-populated\">\n\t\t\t\t\t\t<div class=\"elementor-element elementor-element-817167b elementor-widget elementor-widget-image\" data-id=\"817167b\" data-element_type=\"widget\" data-widget_type=\"image.default\">\n\t\t\t\t<div class=\"elementor-widget-container\">\n\t\t\t\t\t\t\t\t\t\t\t\t\t<img loading=\"lazy\" decoding=\"async\" width=\"1147\" height=\"812\" src=\"https:\/\/myshipleydonuts.com\/wp-content\/uploads\/2020\/10\/Group-77.png\" class=\"attachment-full size-full wp-image-619\" alt=\"donuts catering\" srcset=\"https:\/\/myshipleydonuts.com\/wp-content\/uploads\/2020\/10\/Group-77.png 1147w, https:\/\/myshipleydonuts.com\/wp-content\/uploads\/2020\/10\/Group-77-300x212.png 300w, https:\/\/myshipleydonuts.com\/wp-content\/uploads\/2020\/10\/Group-77-1024x725.png 1024w, https:\/\/myshipleydonuts.com\/wp-content\/uploads\/2020\/10\/Group-77-150x106.png 150w, https:\/\/myshipleydonuts.com\/wp-content\/uploads\/2020\/10\/Group-77-768x544.png 768w\" sizes=\"(max-width: 1147px) 100vw, 1147px\" \/>\t\t\t\t\t\t\t\t\t\t\t\t\t<\/div>\n\t\t\t\t<\/div>\n\t\t\t\t\t<\/div>\n\t\t<\/div>\n\t\t\t\t<div class=\"elementor-column elementor-col-50 elementor-inner-column elementor-element elementor-element-9eb0c1b\" data-id=\"9eb0c1b\" data-element_type=\"column\">\n\t\t\t<div class=\"elementor-widget-wrap elementor-element-populated\">\n\t\t\t\t\t\t<div class=\"elementor-element elementor-element-e5f137f elementor-widget elementor-widget-heading\" data-id=\"e5f137f\" data-element_type=\"widget\" data-widget_type=\"heading.default\">\n\t\t\t\t<div class=\"elementor-widget-container\">\n\t\t\t<h2 class=\"elementor-heading-title elementor-size-default\">Entregamos donde<br>\ntu coraz\u00f3n desea<\/h2>\t\t<\/div>\n\t\t\t\t<\/div>\n\t\t\t\t<div class=\"elementor-element elementor-element-8ebac9e elementor-widget elementor-widget-text-editor\" data-id=\"8ebac9e\" data-element_type=\"widget\" data-widget_type=\"text-editor.default\">\n\t\t\t\t<div class=\"elementor-widget-container\">\n\t\t\t\t\t\t\t<p>Visite Shipley Do-Nuts en 12403 Westheimer (entre Dairy Ashford y Kirkwood) no solo para obtener los mejores Shipley Do-Nuts calientes y suaves que jam\u00e1s haya envuelto en sus labios, sino tambi\u00e9n todas las variedades de kolaches frescos y c\u00e1lidos que se ofrecen las 24 horas del d\u00eda. en nuestra tienda de donas de Houston.<\/p>\t\t\t\t\t\t<\/div>\n\t\t\t\t<\/div>\n\t\t\t\t<div class=\"elementor-element elementor-element-05fda8d elementor-widget elementor-widget-button\" data-id=\"05fda8d\" data-element_type=\"widget\" data-widget_type=\"button.default\">\n\t\t\t\t<div class=\"elementor-widget-container\">\n\t\t\t\t\t<div class=\"elementor-button-wrapper\">\n\t\t\t<a class=\"elementor-button elementor-button-link elementor-size-lg\" href=\"https:\/\/myshipleydonuts.com\/es\/online-ordering\/\" target=\"_blank\">\n\t\t\t\t\t\t<span class=\"elementor-button-content-wrapper\">\n\t\t\t\t\t\t\t\t\t<span class=\"elementor-button-text\">ORDENAR AHORA<\/span>\n\t\t\t\t\t<\/span>\n\t\t\t\t\t<\/a>\n\t\t<\/div>\n\t\t\t\t<\/div>\n\t\t\t\t<\/div>\n\t\t\t\t\t<\/div>\n\t\t<\/div>\n\t\t\t\t\t<\/div>\n\t\t<\/section>\n\t\t\t\t\t<\/div>\n\t\t<\/div>\n\t\t\t\t\t<\/div>\n\t\t<\/section>\n\t\t\t\t<\/div>","protected":false},"excerpt":{"rendered":"<p>Comun\u00edquese con nosotros Visite Shipley Do-Nuts en 12403 Westheimer (entre Dairy Ashford y Kirkwood), no solo para obtener los mejores y calientes y suaves Shipley Do-Nuts que jam\u00e1s haya envuelto en sus labios, sino tambi\u00e9n todas las variedades de kolaches frescos y c\u00e1lidos que se ofrecen las 24 horas. un d\u00eda en nuestra tienda de donas de Houston. WESTHEIMER RD 12403 Westheimer Rd. Houston, TX 77077 [\u2026]<\/p>","protected":false},"author":1,"featured_media":0,"parent":0,"menu_order":0,"comment_status":"closed","ping_status":"closed","template":"","meta":{"footnotes":""},"yoast_head":"<!-- This site is optimized with the Yoast SEO plugin v23.0 - https:\/\/yoast.com\/wordpress\/plugins\/seo\/ -->\n<title>Contact Us | Shipley Do-nuts<\/title>\n<meta name=\"description\" content=\"Contact our very own Mike Simon aand Sherryl Shipley Simon for more information about My Shipley Donuts, it&#039;s catering or delivery service! (713) 589-3292\" \/>\n<meta name=\"robots\" content=\"index, follow, max-snippet:-1, max-image-preview:large, max-video-preview:-1\" \/>\n<link rel=\"canonical\" href=\"https:\/\/myshipleydonuts.com\/es\/contact-us\/\" \/>\n<meta property=\"og:locale\" content=\"es_MX\" \/>\n<meta property=\"og:type\" content=\"article\" \/>\n<meta property=\"og:title\" content=\"Contact Us | Shipley Do-nuts\" \/>\n<meta property=\"og:description\" content=\"Contact our very own Mike Simon aand Sherryl Shipley Simon for more information about My Shipley Donuts, it&#039;s catering or delivery service! (713) 589-3292\" \/>\n<meta property=\"og:url\" content=\"https:\/\/myshipleydonuts.com\/es\/contact-us\/\" \/>\n<meta property=\"og:site_name\" content=\"Shipley Do-Nuts\" \/>\n<meta property=\"article:publisher\" content=\"https:\/\/www.facebook.com\/myshipleydonuts\" \/>\n<meta property=\"article:modified_time\" content=\"2025-09-09T10:17:41+00:00\" \/>\n<meta property=\"og:image\" content=\"https:\/\/myshipleydonuts.com\/wp-content\/uploads\/2020\/11\/IMG_4921.jpeg\" \/>\n<meta name=\"twitter:card\" content=\"summary_large_image\" \/>\n<meta name=\"twitter:site\" content=\"@myshipleydonuts\" \/>\n<meta name=\"twitter:label1\" content=\"Tiempo de lectura\" \/>\n\t<meta name=\"twitter:data1\" content=\"2 minutos\" \/>\n<script type=\"application\/ld+json\" class=\"yoast-schema-graph\">{\"@context\":\"https:\/\/schema.org\",\"@graph\":[{\"@type\":\"WebPage\",\"@id\":\"https:\/\/myshipleydonuts.com\/contact-us\",\"url\":\"https:\/\/myshipleydonuts.com\/contact-us\",\"name\":\"Contact Us | Shipley Do-nuts\",\"isPartOf\":{\"@id\":\"https:\/\/myshipleydonuts.com\/#website\"},\"primaryImageOfPage\":{\"@id\":\"https:\/\/myshipleydonuts.com\/contact-us#primaryimage\"},\"image\":{\"@id\":\"https:\/\/myshipleydonuts.com\/contact-us#primaryimage\"},\"thumbnailUrl\":\"https:\/\/myshipleydonuts.com\/wp-content\/uploads\/2020\/11\/IMG_4921.jpeg\",\"datePublished\":\"2020-10-02T14:42:25+00:00\",\"dateModified\":\"2025-09-09T10:17:41+00:00\",\"description\":\"Contact our very own Mike Simon aand Sherryl Shipley Simon for more information about My Shipley Donuts, it's catering or delivery service! (713) 589-3292\",\"inLanguage\":\"es\",\"potentialAction\":[{\"@type\":\"ReadAction\",\"target\":[\"https:\/\/myshipleydonuts.com\/contact-us\"]}]},{\"@type\":\"ImageObject\",\"inLanguage\":\"es\",\"@id\":\"https:\/\/myshipleydonuts.com\/contact-us#primaryimage\",\"url\":\"https:\/\/myshipleydonuts.com\/wp-content\/uploads\/2020\/11\/IMG_4921.jpeg\",\"contentUrl\":\"https:\/\/myshipleydonuts.com\/wp-content\/uploads\/2020\/11\/IMG_4921.jpeg\"},{\"@type\":\"WebSite\",\"@id\":\"https:\/\/myshipleydonuts.com\/#website\",\"url\":\"https:\/\/myshipleydonuts.com\/\",\"name\":\"Shipley Do-Nuts\",\"description\":\"\",\"publisher\":{\"@id\":\"https:\/\/myshipleydonuts.com\/#organization\"},\"potentialAction\":[{\"@type\":\"SearchAction\",\"target\":{\"@type\":\"EntryPoint\",\"urlTemplate\":\"https:\/\/myshipleydonuts.com\/?s={search_term_string}\"},\"query-input\":\"required name=search_term_string\"}],\"inLanguage\":\"es\"},{\"@type\":\"Organization\",\"@id\":\"https:\/\/myshipleydonuts.com\/#organization\",\"name\":\"Shipley Do-Nuts\",\"url\":\"https:\/\/myshipleydonuts.com\/\",\"logo\":{\"@type\":\"ImageObject\",\"inLanguage\":\"es\",\"@id\":\"https:\/\/myshipleydonuts.com\/#\/schema\/logo\/image\/\",\"url\":\"https:\/\/myshipleydonuts.com\/wp-content\/uploads\/2020\/10\/Shipley-Logo-MLD-1.png\",\"contentUrl\":\"https:\/\/myshipleydonuts.com\/wp-content\/uploads\/2020\/10\/Shipley-Logo-MLD-1.png\",\"width\":250,\"height\":259,\"caption\":\"Shipley Do-Nuts\"},\"image\":{\"@id\":\"https:\/\/myshipleydonuts.com\/#\/schema\/logo\/image\/\"},\"sameAs\":[\"https:\/\/www.facebook.com\/myshipleydonuts\",\"https:\/\/x.com\/myshipleydonuts\",\"https:\/\/www.youtube.com\/user\/myshipleydonuts\"]}]}<\/script>\n<!-- \/ Yoast SEO plugin. -->","yoast_head_json":{"title":"Contact Us | Shipley Do-nuts","description":"Contact our very own Mike Simon aand Sherryl Shipley Simon for more information about My Shipley Donuts, it's catering or delivery service! (713) 589-3292","robots":{"index":"index","follow":"follow","max-snippet":"max-snippet:-1","max-image-preview":"max-image-preview:large","max-video-preview":"max-video-preview:-1"},"canonical":"https:\/\/myshipleydonuts.com\/es\/contact-us\/","og_locale":"es_MX","og_type":"article","og_title":"Contact Us | Shipley Do-nuts","og_description":"Contact our very own Mike Simon aand Sherryl Shipley Simon for more information about My Shipley Donuts, it's catering or delivery service! (713) 589-3292","og_url":"https:\/\/myshipleydonuts.com\/es\/contact-us\/","og_site_name":"Shipley Do-Nuts","article_publisher":"https:\/\/www.facebook.com\/myshipleydonuts","article_modified_time":"2025-09-09T10:17:41+00:00","og_image":[{"url":"https:\/\/myshipleydonuts.com\/wp-content\/uploads\/2020\/11\/IMG_4921.jpeg"}],"twitter_card":"summary_large_image","twitter_site":"@myshipleydonuts","twitter_misc":{"Tiempo de lectura":"2 minutos"},"schema":{"@context":"https:\/\/schema.org","@graph":[{"@type":"WebPage","@id":"https:\/\/myshipleydonuts.com\/contact-us","url":"https:\/\/myshipleydonuts.com\/contact-us","name":"Contact Us | Shipley Do-nuts","isPartOf":{"@id":"https:\/\/myshipleydonuts.com\/#website"},"primaryImageOfPage":{"@id":"https:\/\/myshipleydonuts.com\/contact-us#primaryimage"},"image":{"@id":"https:\/\/myshipleydonuts.com\/contact-us#primaryimage"},"thumbnailUrl":"https:\/\/myshipleydonuts.com\/wp-content\/uploads\/2020\/11\/IMG_4921.jpeg","datePublished":"2020-10-02T14:42:25+00:00","dateModified":"2025-09-09T10:17:41+00:00","description":"Contact our very own Mike Simon aand Sherryl Shipley Simon for more information about My Shipley Donuts, it's catering or delivery service! (713) 589-3292","inLanguage":"es","potentialAction":[{"@type":"ReadAction","target":["https:\/\/myshipleydonuts.com\/contact-us"]}]},{"@type":"ImageObject","inLanguage":"es","@id":"https:\/\/myshipleydonuts.com\/contact-us#primaryimage","url":"https:\/\/myshipleydonuts.com\/wp-content\/uploads\/2020\/11\/IMG_4921.jpeg","contentUrl":"https:\/\/myshipleydonuts.com\/wp-content\/uploads\/2020\/11\/IMG_4921.jpeg"},{"@type":"WebSite","@id":"https:\/\/myshipleydonuts.com\/#website","url":"https:\/\/myshipleydonuts.com\/","name":"Shipley Do-Nuts","description":"","publisher":{"@id":"https:\/\/myshipleydonuts.com\/#organization"},"potentialAction":[{"@type":"SearchAction","target":{"@type":"EntryPoint","urlTemplate":"https:\/\/myshipleydonuts.com\/?s={search_term_string}"},"query-input":"required name=search_term_string"}],"inLanguage":"es"},{"@type":"Organization","@id":"https:\/\/myshipleydonuts.com\/#organization","name":"Shipley Do-Nuts","url":"https:\/\/myshipleydonuts.com\/","logo":{"@type":"ImageObject","inLanguage":"es","@id":"https:\/\/myshipleydonuts.com\/#\/schema\/logo\/image\/","url":"https:\/\/myshipleydonuts.com\/wp-content\/uploads\/2020\/10\/Shipley-Logo-MLD-1.png","contentUrl":"https:\/\/myshipleydonuts.com\/wp-content\/uploads\/2020\/10\/Shipley-Logo-MLD-1.png","width":250,"height":259,"caption":"Shipley Do-Nuts"},"image":{"@id":"https:\/\/myshipleydonuts.com\/#\/schema\/logo\/image\/"},"sameAs":["https:\/\/www.facebook.com\/myshipleydonuts","https:\/\/x.com\/myshipleydonuts","https:\/\/www.youtube.com\/user\/myshipleydonuts"]}]}},"_links":{"self":[{"href":"https:\/\/myshipleydonuts.com\/es\/wp-json\/wp\/v2\/pages\/331"}],"collection":[{"href":"https:\/\/myshipleydonuts.com\/es\/wp-json\/wp\/v2\/pages"}],"about":[{"href":"https:\/\/myshipleydonuts.com\/es\/wp-json\/wp\/v2\/types\/page"}],"author":[{"embeddable":true,"href":"https:\/\/myshipleydonuts.com\/es\/wp-json\/wp\/v2\/users\/1"}],"replies":[{"embeddable":true,"href":"https:\/\/myshipleydonuts.com\/es\/wp-json\/wp\/v2\/comments?post=331"}],"version-history":[{"count":134,"href":"https:\/\/myshipleydonuts.com\/es\/wp-json\/wp\/v2\/pages\/331\/revisions"}],"predecessor-version":[{"id":5347,"href":"https:\/\/myshipleydonuts.com\/es\/wp-json\/wp\/v2\/pages\/331\/revisions\/5347"}],"wp:attachment":[{"href":"https:\/\/myshipleydonuts.com\/es\/wp-json\/wp\/v2\/media?parent=331"}],"curies":[{"name":"wp","href":"https:\/\/api.w.org\/{rel}","templated":true}]}}