{"id":3483,"date":"2020-11-20T19:29:55","date_gmt":"2020-11-20T19:29:55","guid":{"rendered":"https:\/\/myshipleydonuts.com\/?page_id=3483"},"modified":"2025-07-10T09:30:45","modified_gmt":"2025-07-10T09:30:45","slug":"shipley-do-nuts-customer-service","status":"publish","type":"page","link":"https:\/\/myshipleydonuts.com\/es\/jobs\/shipley-do-nuts-customer-service","title":{"rendered":"Servicio al Cliente"},"content":{"rendered":"<div data-elementor-type=\"wp-page\" data-elementor-id=\"3483\" class=\"elementor elementor-3483\" data-elementor-post-type=\"page\">\n\t\t\t\t\t\t<section class=\"elementor-section elementor-top-section elementor-element elementor-element-eae9859 elementor-section-full_width elementor-section-stretched elementor-section-height-default elementor-section-height-default\" data-id=\"eae9859\" data-element_type=\"section\" data-settings=\"{&quot;stretch_section&quot;:&quot;section-stretched&quot;}\">\n\t\t\t\t\t\t<div class=\"elementor-container elementor-column-gap-no\">\n\t\t\t\t\t<div class=\"elementor-column elementor-col-50 elementor-top-column elementor-element elementor-element-125416b\" data-id=\"125416b\" data-element_type=\"column\">\n\t\t\t<div class=\"elementor-widget-wrap elementor-element-populated\">\n\t\t\t\t\t\t<div class=\"elementor-element elementor-element-f296461 elementor-widget elementor-widget-heading\" data-id=\"f296461\" data-element_type=\"widget\" data-widget_type=\"heading.default\">\n\t\t\t\t<div class=\"elementor-widget-container\">\n\t\t\t<h2 class=\"elementor-heading-title elementor-size-default\">Servicio al cliente Shipley Do-Nuts<\/h2>\t\t<\/div>\n\t\t\t\t<\/div>\n\t\t\t\t<div class=\"elementor-element elementor-element-53538d6 elementor-widget elementor-widget-text-editor\" data-id=\"53538d6\" data-element_type=\"widget\" data-widget_type=\"text-editor.default\">\n\t\t\t\t<div class=\"elementor-widget-container\">\n\t\t\t\t\t\t\t<p>Ahora viene la parte m\u00e1s importante del trabajo del equipo de Servicio al Cliente de Shipley Do-Nuts, cuidar de nuestros hu\u00e9spedes. Esta puede ser la parte m\u00e1s satisfactoria de su d\u00eda si mantiene la actitud correcta. No importa qu\u00e9 tan buena sea nuestra comida, la forma en que interact\u00faa con el cliente marcar\u00e1 la diferencia en si regresa, con qu\u00e9 frecuencia regresa y cu\u00e1ntos de sus amigos tambi\u00e9n nos visitan. Un saludo amistoso con una sonrisa, una sonrisa, completar su pedido con precisi\u00f3n, empaquetar o empaquetar su pedido cuidadosamente, incluidas las servilletas, manejar su dinero o transacciones con tarjeta de cr\u00e9dito correctamente, agradecerles; todas estas cosas ayudar\u00e1n a garantizar que tengamos clientes felices y que repita el negocio. \u00a1Nuestro objetivo es que MyShipleyDonuts se convierta en \u201cSus\u201d Shipley Do-Nuts!<\/p><p>En ciertos d\u00edas, es posible que sea responsable de una caja registradora durante su turno. En otros d\u00edas, su funci\u00f3n principal ser\u00e1 completar los pedidos y dejar que otra persona se encargue de la caja registradora. A lo largo del d\u00eda, todos son responsables de asegurarse de que el caf\u00e9 est\u00e9 hecho y fresco; mantener el estante de exhibici\u00f3n Shipley Donuts organizado, lleno y limpio; mantener el vest\u00edbulo limpio y seguro; y limpiar el ba\u00f1o. Al final del turno, todos colaboran para limpiar todos los equipos y superficies, barrer y fregar los pisos.<\/p>\t\t\t\t\t\t<\/div>\n\t\t\t\t<\/div>\n\t\t\t\t<div class=\"elementor-element elementor-element-6597cf8 elementor-widget elementor-widget-button\" data-id=\"6597cf8\" data-element_type=\"widget\" data-widget_type=\"button.default\">\n\t\t\t\t<div class=\"elementor-widget-container\">\n\t\t\t\t\t<div class=\"elementor-button-wrapper\">\n\t\t\t<a class=\"elementor-button elementor-button-link elementor-size-md\" href=\"http:\/\/redesigning.website\/shipleydonut\/wp-content\/uploads\/2020\/11\/MyShipleyDonuts-Application.pdf\" target=\"_blank\">\n\t\t\t\t\t\t<span class=\"elementor-button-content-wrapper\">\n\t\t\t\t\t\t\t\t\t<span class=\"elementor-button-text\">DESCARGAR FORMULARIO DE SOLICITUD<\/span>\n\t\t\t\t\t<\/span>\n\t\t\t\t\t<\/a>\n\t\t<\/div>\n\t\t\t\t<\/div>\n\t\t\t\t<\/div>\n\t\t\t\t\t<\/div>\n\t\t<\/div>\n\t\t\t\t<div class=\"elementor-column elementor-col-50 elementor-top-column elementor-element elementor-element-54757cc\" data-id=\"54757cc\" data-element_type=\"column\">\n\t\t\t<div class=\"elementor-widget-wrap elementor-element-populated\">\n\t\t\t\t\t\t<div class=\"elementor-element elementor-element-b68c1f0 elementor-widget elementor-widget-image\" data-id=\"b68c1f0\" data-element_type=\"widget\" data-widget_type=\"image.default\">\n\t\t\t\t<div class=\"elementor-widget-container\">\n\t\t\t\t\t\t\t\t\t\t\t\t\t<img fetchpriority=\"high\" decoding=\"async\" width=\"708\" height=\"700\" src=\"https:\/\/myshipleydonuts.com\/wp-content\/uploads\/2020\/10\/donut1.png\" class=\"attachment-large size-large wp-image-535\" alt=\"\" srcset=\"https:\/\/myshipleydonuts.com\/wp-content\/uploads\/2020\/10\/donut1.png 708w, https:\/\/myshipleydonuts.com\/wp-content\/uploads\/2020\/10\/donut1-300x297.png 300w, https:\/\/myshipleydonuts.com\/wp-content\/uploads\/2020\/10\/donut1-150x148.png 150w\" sizes=\"(max-width: 708px) 100vw, 708px\" \/>\t\t\t\t\t\t\t\t\t\t\t\t\t<\/div>\n\t\t\t\t<\/div>\n\t\t\t\t\t<\/div>\n\t\t<\/div>\n\t\t\t\t\t<\/div>\n\t\t<\/section>\n\t\t\t\t<section class=\"elementor-section elementor-top-section elementor-element elementor-element-a0eb1b6 elementor-section-full_width elementor-section-stretched elementor-section-height-default elementor-section-height-default\" data-id=\"a0eb1b6\" data-element_type=\"section\" data-settings=\"{&quot;stretch_section&quot;:&quot;section-stretched&quot;}\">\n\t\t\t\t\t\t<div class=\"elementor-container elementor-column-gap-no\">\n\t\t\t\t\t<div class=\"elementor-column elementor-col-50 elementor-top-column elementor-element elementor-element-353036b\" data-id=\"353036b\" data-element_type=\"column\">\n\t\t\t<div class=\"elementor-widget-wrap elementor-element-populated\">\n\t\t\t\t\t\t<div class=\"elementor-element elementor-element-c5cb6ea elementor-widget elementor-widget-image\" data-id=\"c5cb6ea\" data-element_type=\"widget\" data-widget_type=\"image.default\">\n\t\t\t\t<div class=\"elementor-widget-container\">\n\t\t\t\t\t\t\t\t\t\t\t\t\t<img decoding=\"async\" width=\"1147\" height=\"812\" src=\"https:\/\/myshipleydonuts.com\/wp-content\/uploads\/2020\/10\/Group-77.png\" class=\"attachment-full size-full wp-image-619\" alt=\"donuts catering\" srcset=\"https:\/\/myshipleydonuts.com\/wp-content\/uploads\/2020\/10\/Group-77.png 1147w, https:\/\/myshipleydonuts.com\/wp-content\/uploads\/2020\/10\/Group-77-300x212.png 300w, https:\/\/myshipleydonuts.com\/wp-content\/uploads\/2020\/10\/Group-77-1024x725.png 1024w, https:\/\/myshipleydonuts.com\/wp-content\/uploads\/2020\/10\/Group-77-150x106.png 150w, https:\/\/myshipleydonuts.com\/wp-content\/uploads\/2020\/10\/Group-77-768x544.png 768w\" sizes=\"(max-width: 1147px) 100vw, 1147px\" \/>\t\t\t\t\t\t\t\t\t\t\t\t\t<\/div>\n\t\t\t\t<\/div>\n\t\t\t\t\t<\/div>\n\t\t<\/div>\n\t\t\t\t<div class=\"elementor-column elementor-col-50 elementor-top-column elementor-element elementor-element-312c8f8\" data-id=\"312c8f8\" data-element_type=\"column\">\n\t\t\t<div class=\"elementor-widget-wrap elementor-element-populated\">\n\t\t\t\t\t\t<div class=\"elementor-element elementor-element-0508bbe elementor-widget elementor-widget-heading\" data-id=\"0508bbe\" data-element_type=\"widget\" data-widget_type=\"heading.default\">\n\t\t\t\t<div class=\"elementor-widget-container\">\n\t\t\t<h2 class=\"elementor-heading-title elementor-size-xxl\">Entregamos donde<br>\ntu coraz\u00f3n desea<\/h2>\t\t<\/div>\n\t\t\t\t<\/div>\n\t\t\t\t<div class=\"elementor-element elementor-element-65972aa elementor-widget elementor-widget-text-editor\" data-id=\"65972aa\" data-element_type=\"widget\" data-widget_type=\"text-editor.default\">\n\t\t\t\t<div class=\"elementor-widget-container\">\n\t\t\t\t\t\t\t<p>Visite Shipley Do-Nuts en 12403 Westheimer (entre Dairy Ashford y Kirkwood) no solo para obtener los mejores Shipley Do-Nuts calientes y suaves que jam\u00e1s haya envuelto en sus labios, sino tambi\u00e9n todas las variedades de kolaches frescos y c\u00e1lidos que se ofrecen las 24 horas del d\u00eda. en nuestra tienda de donas de Houston.<\/p>\t\t\t\t\t\t<\/div>\n\t\t\t\t<\/div>\n\t\t\t\t<div class=\"elementor-element elementor-element-b7c4a5a elementor-widget elementor-widget-button\" data-id=\"b7c4a5a\" data-element_type=\"widget\" data-widget_type=\"button.default\">\n\t\t\t\t<div class=\"elementor-widget-container\">\n\t\t\t\t\t<div class=\"elementor-button-wrapper\">\n\t\t\t<a class=\"elementor-button elementor-button-link elementor-size-md\" href=\"#\">\n\t\t\t\t\t\t<span class=\"elementor-button-content-wrapper\">\n\t\t\t\t\t\t\t\t\t<span class=\"elementor-button-text\">ORDENAR AHORA<\/span>\n\t\t\t\t\t<\/span>\n\t\t\t\t\t<\/a>\n\t\t<\/div>\n\t\t\t\t<\/div>\n\t\t\t\t<\/div>\n\t\t\t\t\t<\/div>\n\t\t<\/div>\n\t\t\t\t\t<\/div>\n\t\t<\/section>\n\t\t\t\t<\/div>","protected":false},"excerpt":{"rendered":"<p>Servicio al cliente de Shipley Do-Nuts Ahora viene la parte m\u00e1s importante del trabajo del equipo de Servicio al cliente de Shipley Do-Nuts, cuidar a nuestros hu\u00e9spedes. Esta puede ser la parte m\u00e1s satisfactoria de su d\u00eda si mantiene la actitud correcta. No importa qu\u00e9 tan buena sea nuestra comida, la forma en que interact\u00faa con el cliente har\u00e1 que [\u2026]<\/p>","protected":false},"author":1,"featured_media":0,"parent":276,"menu_order":0,"comment_status":"closed","ping_status":"closed","template":"","meta":{"footnotes":""},"yoast_head":"<!-- This site is optimized with the Yoast SEO plugin v23.0 - https:\/\/yoast.com\/wordpress\/plugins\/seo\/ -->\n<title>Customer Service - Shipley Do-Nuts<\/title>\n<meta name=\"description\" content=\"\u00a1\u00danase al acogedor equipo de Shipley Do-Nuts en Houston! Solicite nuestro puesto de servicio al cliente y ay\u00fadenos a brindar alegr\u00eda y delicias diariamente.\" \/>\n<meta name=\"robots\" content=\"index, follow, max-snippet:-1, max-image-preview:large, max-video-preview:-1\" \/>\n<link rel=\"canonical\" href=\"https:\/\/myshipleydonuts.com\/es\/jobs\/shipley-do-nuts-customer-service\/\" \/>\n<meta property=\"og:locale\" content=\"es_MX\" \/>\n<meta property=\"og:type\" content=\"article\" \/>\n<meta property=\"og:title\" content=\"Customer Service - Shipley Do-Nuts\" \/>\n<meta property=\"og:description\" content=\"\u00a1\u00danase al acogedor equipo de Shipley Do-Nuts en Houston! Solicite nuestro puesto de servicio al cliente y ay\u00fadenos a brindar alegr\u00eda y delicias diariamente.\" \/>\n<meta property=\"og:url\" content=\"https:\/\/myshipleydonuts.com\/es\/jobs\/shipley-do-nuts-customer-service\/\" \/>\n<meta property=\"og:site_name\" content=\"Shipley Do-Nuts\" \/>\n<meta property=\"article:publisher\" content=\"https:\/\/www.facebook.com\/myshipleydonuts\" \/>\n<meta property=\"article:modified_time\" content=\"2025-07-10T09:30:45+00:00\" \/>\n<meta property=\"og:image\" content=\"https:\/\/myshipleydonuts.com\/wp-content\/uploads\/2020\/10\/donut1.png\" \/>\n<meta name=\"twitter:card\" content=\"summary_large_image\" \/>\n<meta name=\"twitter:site\" content=\"@myshipleydonuts\" \/>\n<meta name=\"twitter:label1\" content=\"Tiempo de lectura\" \/>\n\t<meta name=\"twitter:data1\" content=\"2 minutos\" \/>\n<script type=\"application\/ld+json\" class=\"yoast-schema-graph\">{\"@context\":\"https:\/\/schema.org\",\"@graph\":[{\"@type\":\"WebPage\",\"@id\":\"https:\/\/myshipleydonuts.com\/jobs\/shipley-do-nuts-customer-service\",\"url\":\"https:\/\/myshipleydonuts.com\/jobs\/shipley-do-nuts-customer-service\",\"name\":\"Customer Service - Shipley Do-Nuts\",\"isPartOf\":{\"@id\":\"https:\/\/myshipleydonuts.com\/#website\"},\"primaryImageOfPage\":{\"@id\":\"https:\/\/myshipleydonuts.com\/jobs\/shipley-do-nuts-customer-service#primaryimage\"},\"image\":{\"@id\":\"https:\/\/myshipleydonuts.com\/jobs\/shipley-do-nuts-customer-service#primaryimage\"},\"thumbnailUrl\":\"https:\/\/myshipleydonuts.com\/wp-content\/uploads\/2020\/10\/donut1.png\",\"datePublished\":\"2020-11-20T19:29:55+00:00\",\"dateModified\":\"2025-07-10T09:30:45+00:00\",\"description\":\"\u00a1\u00danase al acogedor equipo de Shipley Do-Nuts en Houston! Solicite nuestro puesto de servicio al cliente y ay\u00fadenos a brindar alegr\u00eda y delicias diariamente.\",\"breadcrumb\":{\"@id\":\"https:\/\/myshipleydonuts.com\/jobs\/shipley-do-nuts-customer-service#breadcrumb\"},\"inLanguage\":\"es\",\"potentialAction\":[{\"@type\":\"ReadAction\",\"target\":[\"https:\/\/myshipleydonuts.com\/jobs\/shipley-do-nuts-customer-service\"]}]},{\"@type\":\"ImageObject\",\"inLanguage\":\"es\",\"@id\":\"https:\/\/myshipleydonuts.com\/jobs\/shipley-do-nuts-customer-service#primaryimage\",\"url\":\"https:\/\/myshipleydonuts.com\/wp-content\/uploads\/2020\/10\/donut1.png\",\"contentUrl\":\"https:\/\/myshipleydonuts.com\/wp-content\/uploads\/2020\/10\/donut1.png\"},{\"@type\":\"BreadcrumbList\",\"@id\":\"https:\/\/myshipleydonuts.com\/jobs\/shipley-do-nuts-customer-service#breadcrumb\",\"itemListElement\":[{\"@type\":\"ListItem\",\"position\":1,\"name\":\"Jobs\",\"item\":\"https:\/\/myshipleydonuts.com\/jobs\"},{\"@type\":\"ListItem\",\"position\":2,\"name\":\"Customer Service\"}]},{\"@type\":\"WebSite\",\"@id\":\"https:\/\/myshipleydonuts.com\/#website\",\"url\":\"https:\/\/myshipleydonuts.com\/\",\"name\":\"Shipley Do-Nuts\",\"description\":\"\",\"publisher\":{\"@id\":\"https:\/\/myshipleydonuts.com\/#organization\"},\"potentialAction\":[{\"@type\":\"SearchAction\",\"target\":{\"@type\":\"EntryPoint\",\"urlTemplate\":\"https:\/\/myshipleydonuts.com\/?s={search_term_string}\"},\"query-input\":\"required name=search_term_string\"}],\"inLanguage\":\"es\"},{\"@type\":\"Organization\",\"@id\":\"https:\/\/myshipleydonuts.com\/#organization\",\"name\":\"Shipley Do-Nuts\",\"url\":\"https:\/\/myshipleydonuts.com\/\",\"logo\":{\"@type\":\"ImageObject\",\"inLanguage\":\"es\",\"@id\":\"https:\/\/myshipleydonuts.com\/#\/schema\/logo\/image\/\",\"url\":\"https:\/\/myshipleydonuts.com\/wp-content\/uploads\/2020\/10\/Shipley-Logo-MLD-1.png\",\"contentUrl\":\"https:\/\/myshipleydonuts.com\/wp-content\/uploads\/2020\/10\/Shipley-Logo-MLD-1.png\",\"width\":250,\"height\":259,\"caption\":\"Shipley Do-Nuts\"},\"image\":{\"@id\":\"https:\/\/myshipleydonuts.com\/#\/schema\/logo\/image\/\"},\"sameAs\":[\"https:\/\/www.facebook.com\/myshipleydonuts\",\"https:\/\/x.com\/myshipleydonuts\",\"https:\/\/www.youtube.com\/user\/myshipleydonuts\"]}]}<\/script>\n<!-- \/ Yoast SEO plugin. -->","yoast_head_json":{"title":"Customer Service - Shipley Do-Nuts","description":"\u00a1\u00danase al acogedor equipo de Shipley Do-Nuts en Houston! Solicite nuestro puesto de servicio al cliente y ay\u00fadenos a brindar alegr\u00eda y delicias diariamente.","robots":{"index":"index","follow":"follow","max-snippet":"max-snippet:-1","max-image-preview":"max-image-preview:large","max-video-preview":"max-video-preview:-1"},"canonical":"https:\/\/myshipleydonuts.com\/es\/jobs\/shipley-do-nuts-customer-service\/","og_locale":"es_MX","og_type":"article","og_title":"Customer Service - Shipley Do-Nuts","og_description":"\u00a1\u00danase al acogedor equipo de Shipley Do-Nuts en Houston! Solicite nuestro puesto de servicio al cliente y ay\u00fadenos a brindar alegr\u00eda y delicias diariamente.","og_url":"https:\/\/myshipleydonuts.com\/es\/jobs\/shipley-do-nuts-customer-service\/","og_site_name":"Shipley Do-Nuts","article_publisher":"https:\/\/www.facebook.com\/myshipleydonuts","article_modified_time":"2025-07-10T09:30:45+00:00","og_image":[{"url":"https:\/\/myshipleydonuts.com\/wp-content\/uploads\/2020\/10\/donut1.png"}],"twitter_card":"summary_large_image","twitter_site":"@myshipleydonuts","twitter_misc":{"Tiempo de lectura":"2 minutos"},"schema":{"@context":"https:\/\/schema.org","@graph":[{"@type":"WebPage","@id":"https:\/\/myshipleydonuts.com\/jobs\/shipley-do-nuts-customer-service","url":"https:\/\/myshipleydonuts.com\/jobs\/shipley-do-nuts-customer-service","name":"Customer Service - Shipley Do-Nuts","isPartOf":{"@id":"https:\/\/myshipleydonuts.com\/#website"},"primaryImageOfPage":{"@id":"https:\/\/myshipleydonuts.com\/jobs\/shipley-do-nuts-customer-service#primaryimage"},"image":{"@id":"https:\/\/myshipleydonuts.com\/jobs\/shipley-do-nuts-customer-service#primaryimage"},"thumbnailUrl":"https:\/\/myshipleydonuts.com\/wp-content\/uploads\/2020\/10\/donut1.png","datePublished":"2020-11-20T19:29:55+00:00","dateModified":"2025-07-10T09:30:45+00:00","description":"\u00a1\u00danase al acogedor equipo de Shipley Do-Nuts en Houston! Solicite nuestro puesto de servicio al cliente y ay\u00fadenos a brindar alegr\u00eda y delicias diariamente.","breadcrumb":{"@id":"https:\/\/myshipleydonuts.com\/jobs\/shipley-do-nuts-customer-service#breadcrumb"},"inLanguage":"es","potentialAction":[{"@type":"ReadAction","target":["https:\/\/myshipleydonuts.com\/jobs\/shipley-do-nuts-customer-service"]}]},{"@type":"ImageObject","inLanguage":"es","@id":"https:\/\/myshipleydonuts.com\/jobs\/shipley-do-nuts-customer-service#primaryimage","url":"https:\/\/myshipleydonuts.com\/wp-content\/uploads\/2020\/10\/donut1.png","contentUrl":"https:\/\/myshipleydonuts.com\/wp-content\/uploads\/2020\/10\/donut1.png"},{"@type":"BreadcrumbList","@id":"https:\/\/myshipleydonuts.com\/jobs\/shipley-do-nuts-customer-service#breadcrumb","itemListElement":[{"@type":"ListItem","position":1,"name":"Jobs","item":"https:\/\/myshipleydonuts.com\/jobs"},{"@type":"ListItem","position":2,"name":"Customer Service"}]},{"@type":"WebSite","@id":"https:\/\/myshipleydonuts.com\/#website","url":"https:\/\/myshipleydonuts.com\/","name":"Shipley Do-Nuts","description":"","publisher":{"@id":"https:\/\/myshipleydonuts.com\/#organization"},"potentialAction":[{"@type":"SearchAction","target":{"@type":"EntryPoint","urlTemplate":"https:\/\/myshipleydonuts.com\/?s={search_term_string}"},"query-input":"required name=search_term_string"}],"inLanguage":"es"},{"@type":"Organization","@id":"https:\/\/myshipleydonuts.com\/#organization","name":"Shipley Do-Nuts","url":"https:\/\/myshipleydonuts.com\/","logo":{"@type":"ImageObject","inLanguage":"es","@id":"https:\/\/myshipleydonuts.com\/#\/schema\/logo\/image\/","url":"https:\/\/myshipleydonuts.com\/wp-content\/uploads\/2020\/10\/Shipley-Logo-MLD-1.png","contentUrl":"https:\/\/myshipleydonuts.com\/wp-content\/uploads\/2020\/10\/Shipley-Logo-MLD-1.png","width":250,"height":259,"caption":"Shipley Do-Nuts"},"image":{"@id":"https:\/\/myshipleydonuts.com\/#\/schema\/logo\/image\/"},"sameAs":["https:\/\/www.facebook.com\/myshipleydonuts","https:\/\/x.com\/myshipleydonuts","https:\/\/www.youtube.com\/user\/myshipleydonuts"]}]}},"_links":{"self":[{"href":"https:\/\/myshipleydonuts.com\/es\/wp-json\/wp\/v2\/pages\/3483"}],"collection":[{"href":"https:\/\/myshipleydonuts.com\/es\/wp-json\/wp\/v2\/pages"}],"about":[{"href":"https:\/\/myshipleydonuts.com\/es\/wp-json\/wp\/v2\/types\/page"}],"author":[{"embeddable":true,"href":"https:\/\/myshipleydonuts.com\/es\/wp-json\/wp\/v2\/users\/1"}],"replies":[{"embeddable":true,"href":"https:\/\/myshipleydonuts.com\/es\/wp-json\/wp\/v2\/comments?post=3483"}],"version-history":[{"count":5,"href":"https:\/\/myshipleydonuts.com\/es\/wp-json\/wp\/v2\/pages\/3483\/revisions"}],"predecessor-version":[{"id":5326,"href":"https:\/\/myshipleydonuts.com\/es\/wp-json\/wp\/v2\/pages\/3483\/revisions\/5326"}],"up":[{"embeddable":true,"href":"https:\/\/myshipleydonuts.com\/es\/wp-json\/wp\/v2\/pages\/276"}],"wp:attachment":[{"href":"https:\/\/myshipleydonuts.com\/es\/wp-json\/wp\/v2\/media?parent=3483"}],"curies":[{"name":"wp","href":"https:\/\/api.w.org\/{rel}","templated":true}]}}