{"id":3577,"date":"2020-11-27T01:14:52","date_gmt":"2020-11-27T01:14:52","guid":{"rendered":"https:\/\/myshipleydonuts.com\/?page_id=3577"},"modified":"2025-07-10T10:01:08","modified_gmt":"2025-07-10T10:01:08","slug":"beignets","status":"publish","type":"page","link":"https:\/\/myshipleydonuts.com\/es\/whats-cooking\/beignets","title":{"rendered":"beignets"},"content":{"rendered":"<div data-elementor-type=\"wp-page\" data-elementor-id=\"3577\" class=\"elementor elementor-3577\" data-elementor-post-type=\"page\">\n\t\t\t\t\t\t<section class=\"elementor-section elementor-top-section elementor-element elementor-element-a9aa6c1 elementor-section-full_width elementor-section-stretched elementor-section-height-default elementor-section-height-default\" data-id=\"a9aa6c1\" data-element_type=\"section\" data-settings=\"{&quot;stretch_section&quot;:&quot;section-stretched&quot;,&quot;background_background&quot;:&quot;classic&quot;}\">\n\t\t\t\t\t\t<div class=\"elementor-container elementor-column-gap-no\">\n\t\t\t\t\t<div class=\"elementor-column elementor-col-50 elementor-top-column elementor-element elementor-element-87f33ce\" data-id=\"87f33ce\" data-element_type=\"column\" data-settings=\"{&quot;background_background&quot;:&quot;classic&quot;}\">\n\t\t\t<div class=\"elementor-widget-wrap elementor-element-populated\">\n\t\t\t\t\t\t<div class=\"elementor-element elementor-element-b9086b2 elementor-widget elementor-widget-image\" data-id=\"b9086b2\" data-element_type=\"widget\" data-widget_type=\"image.default\">\n\t\t\t\t<div class=\"elementor-widget-container\">\n\t\t\t\t\t\t\t\t\t\t\t\t\t<img fetchpriority=\"high\" decoding=\"async\" width=\"679\" height=\"1157\" src=\"https:\/\/myshipleydonuts.com\/wp-content\/uploads\/2020\/10\/Untitled-15.jpg\" class=\"attachment-full size-full wp-image-1099\" alt=\"\" srcset=\"https:\/\/myshipleydonuts.com\/wp-content\/uploads\/2020\/10\/Untitled-15.jpg 679w, https:\/\/myshipleydonuts.com\/wp-content\/uploads\/2020\/10\/Untitled-15-176x300.jpg 176w, https:\/\/myshipleydonuts.com\/wp-content\/uploads\/2020\/10\/Untitled-15-601x1024.jpg 601w, https:\/\/myshipleydonuts.com\/wp-content\/uploads\/2020\/10\/Untitled-15-88x150.jpg 88w\" sizes=\"(max-width: 679px) 100vw, 679px\" \/>\t\t\t\t\t\t\t\t\t\t\t\t\t<\/div>\n\t\t\t\t<\/div>\n\t\t\t\t\t<\/div>\n\t\t<\/div>\n\t\t\t\t<div class=\"elementor-column elementor-col-50 elementor-top-column elementor-element elementor-element-d52c4bd\" data-id=\"d52c4bd\" data-element_type=\"column\">\n\t\t\t<div class=\"elementor-widget-wrap elementor-element-populated\">\n\t\t\t\t\t\t<div class=\"elementor-element elementor-element-bf6687a elementor-widget elementor-widget-heading\" data-id=\"bf6687a\" data-element_type=\"widget\" data-widget_type=\"heading.default\">\n\t\t\t\t<div class=\"elementor-widget-container\">\n\t\t\t<h2 class=\"elementor-heading-title elementor-size-default\">Disfruta de los mejores bu\u00f1uelos<\/h2>\t\t<\/div>\n\t\t\t\t<\/div>\n\t\t\t\t<div class=\"elementor-element elementor-element-c4ffe55 elementor-widget elementor-widget-text-editor\" data-id=\"c4ffe55\" data-element_type=\"widget\" data-widget_type=\"text-editor.default\">\n\t\t\t\t<div class=\"elementor-widget-container\">\n\t\t\t\t\t\t\t<p>Este programa se presta bien para eventos de la ma\u00f1ana y del mediod\u00eda. Simplemente haga su pedido de nuestros deliciosos, frescos y calientes Shipley kolaches en cualquier combinaci\u00f3n o cantidad y c\u00f3mprelos por nuestro bajo precio de $29.66 por docena. Luego, los vender\u00eda individualmente en su funci\u00f3n por $3.50 cada uno. \u00a1Esto permite que su grupo elimine $12.34 por docena!<\/p><p>Nuestros kolaches &quot;del tama\u00f1o de un refrigerio&quot; son muy populares en las comidas y eventos &quot;para llevar&quot;. Su precio es $19.76 por docena. Si los vende por $2.50 cada uno, su grupo liquidar\u00e1 $10.24 por docena.<\/p>\t\t\t\t\t\t<\/div>\n\t\t\t\t<\/div>\n\t\t\t\t\t<\/div>\n\t\t<\/div>\n\t\t\t\t\t<\/div>\n\t\t<\/section>\n\t\t\t\t<section class=\"elementor-section elementor-top-section elementor-element elementor-element-571b4be elementor-section-stretched elementor-section-boxed elementor-section-height-default elementor-section-height-default\" data-id=\"571b4be\" data-element_type=\"section\" data-settings=\"{&quot;stretch_section&quot;:&quot;section-stretched&quot;}\">\n\t\t\t\t\t\t<div class=\"elementor-container elementor-column-gap-default\">\n\t\t\t\t\t<div class=\"elementor-column elementor-col-100 elementor-top-column elementor-element elementor-element-ff1bcfb\" data-id=\"ff1bcfb\" data-element_type=\"column\">\n\t\t\t<div class=\"elementor-widget-wrap elementor-element-populated\">\n\t\t\t\t\t\t<section class=\"elementor-section elementor-inner-section elementor-element elementor-element-509185f elementor-section-boxed elementor-section-height-default elementor-section-height-default\" data-id=\"509185f\" data-element_type=\"section\">\n\t\t\t\t\t\t<div class=\"elementor-container elementor-column-gap-default\">\n\t\t\t\t\t<div class=\"elementor-column elementor-col-50 elementor-inner-column elementor-element elementor-element-e6179b8\" data-id=\"e6179b8\" data-element_type=\"column\">\n\t\t\t<div class=\"elementor-widget-wrap elementor-element-populated\">\n\t\t\t\t\t\t<div class=\"elementor-element elementor-element-a453d7c elementor-widget elementor-widget-video\" data-id=\"a453d7c\" data-element_type=\"widget\" data-settings=\"{&quot;youtube_url&quot;:&quot;https:\\\/\\\/youtu.be\\\/-JdDDwU_AvI&quot;,&quot;video_type&quot;:&quot;youtube&quot;,&quot;controls&quot;:&quot;yes&quot;}\" data-widget_type=\"video.default\">\n\t\t\t\t<div class=\"elementor-widget-container\">\n\t\t\t\t\t<div class=\"elementor-wrapper elementor-open-inline\">\n\t\t\t<div class=\"elementor-video\"><\/div>\t\t<\/div>\n\t\t\t\t<\/div>\n\t\t\t\t<\/div>\n\t\t\t\t\t<\/div>\n\t\t<\/div>\n\t\t\t\t<div class=\"elementor-column elementor-col-50 elementor-inner-column elementor-element elementor-element-71cdc9b\" data-id=\"71cdc9b\" data-element_type=\"column\">\n\t\t\t<div class=\"elementor-widget-wrap elementor-element-populated\">\n\t\t\t\t\t\t<div class=\"elementor-element elementor-element-533b8fe elementor-widget elementor-widget-video\" data-id=\"533b8fe\" data-element_type=\"widget\" data-settings=\"{&quot;youtube_url&quot;:&quot;https:\\\/\\\/youtu.be\\\/uUxYpWLUKNg&quot;,&quot;video_type&quot;:&quot;youtube&quot;,&quot;controls&quot;:&quot;yes&quot;}\" data-widget_type=\"video.default\">\n\t\t\t\t<div class=\"elementor-widget-container\">\n\t\t\t\t\t<div class=\"elementor-wrapper elementor-open-inline\">\n\t\t\t<div class=\"elementor-video\"><\/div>\t\t<\/div>\n\t\t\t\t<\/div>\n\t\t\t\t<\/div>\n\t\t\t\t\t<\/div>\n\t\t<\/div>\n\t\t\t\t\t<\/div>\n\t\t<\/section>\n\t\t\t\t<section class=\"elementor-section elementor-inner-section elementor-element elementor-element-11031b0 elementor-section-boxed elementor-section-height-default elementor-section-height-default\" data-id=\"11031b0\" data-element_type=\"section\">\n\t\t\t\t\t\t<div class=\"elementor-container elementor-column-gap-default\">\n\t\t\t\t\t<div class=\"elementor-column elementor-col-50 elementor-inner-column elementor-element elementor-element-b5b8f92\" data-id=\"b5b8f92\" data-element_type=\"column\">\n\t\t\t<div class=\"elementor-widget-wrap elementor-element-populated\">\n\t\t\t\t\t\t<div class=\"elementor-element elementor-element-a04a406 elementor-widget elementor-widget-video\" data-id=\"a04a406\" data-element_type=\"widget\" data-settings=\"{&quot;youtube_url&quot;:&quot;https:\\\/\\\/youtu.be\\\/s-DOTJlDqQo&quot;,&quot;video_type&quot;:&quot;youtube&quot;,&quot;controls&quot;:&quot;yes&quot;}\" data-widget_type=\"video.default\">\n\t\t\t\t<div class=\"elementor-widget-container\">\n\t\t\t\t\t<div class=\"elementor-wrapper elementor-open-inline\">\n\t\t\t<div class=\"elementor-video\"><\/div>\t\t<\/div>\n\t\t\t\t<\/div>\n\t\t\t\t<\/div>\n\t\t\t\t\t<\/div>\n\t\t<\/div>\n\t\t\t\t<div class=\"elementor-column elementor-col-50 elementor-inner-column elementor-element elementor-element-0fb827d\" data-id=\"0fb827d\" data-element_type=\"column\">\n\t\t\t<div class=\"elementor-widget-wrap elementor-element-populated\">\n\t\t\t\t\t\t<div class=\"elementor-element elementor-element-0df680a elementor-widget elementor-widget-video\" data-id=\"0df680a\" data-element_type=\"widget\" data-settings=\"{&quot;youtube_url&quot;:&quot;https:\\\/\\\/youtu.be\\\/fAoLulzZec0&quot;,&quot;video_type&quot;:&quot;youtube&quot;,&quot;controls&quot;:&quot;yes&quot;}\" data-widget_type=\"video.default\">\n\t\t\t\t<div class=\"elementor-widget-container\">\n\t\t\t\t\t<div class=\"elementor-wrapper elementor-open-inline\">\n\t\t\t<div class=\"elementor-video\"><\/div>\t\t<\/div>\n\t\t\t\t<\/div>\n\t\t\t\t<\/div>\n\t\t\t\t\t<\/div>\n\t\t<\/div>\n\t\t\t\t\t<\/div>\n\t\t<\/section>\n\t\t\t\t\t<\/div>\n\t\t<\/div>\n\t\t\t\t\t<\/div>\n\t\t<\/section>\n\t\t\t\t<\/div>","protected":false},"excerpt":{"rendered":"<p>Disfrute de los mejores bu\u00f1uelos Este programa se adapta bien a eventos de la ma\u00f1ana y del mediod\u00eda. Simplemente haga su pedido de nuestros deliciosos, frescos y calientes Shipley kolaches en cualquier combinaci\u00f3n o cantidad y c\u00f3mprelos por nuestro bajo precio de $29.66 por docena. Luego, los vender\u00eda individualmente en su funci\u00f3n por $3.50 cada uno. [\u2026]<\/p>","protected":false},"author":1,"featured_media":0,"parent":1104,"menu_order":0,"comment_status":"closed","ping_status":"closed","template":"","meta":{"footnotes":""},"yoast_head":"<!-- This site is optimized with the Yoast SEO plugin v23.0 - https:\/\/yoast.com\/wordpress\/plugins\/seo\/ -->\n<title>Beignets - Shipley Do-Nuts<\/title>\n<meta name=\"description\" content=\"\u00a1Descubra los deliciosos y esponjosos beignets de Shipley Do-Nuts! Conozca estos incre\u00edbles pasteles fritos y d\u00f3nde disfrutarlos frescos en Houston.\" \/>\n<meta name=\"robots\" content=\"index, follow, max-snippet:-1, max-image-preview:large, max-video-preview:-1\" \/>\n<link rel=\"canonical\" href=\"https:\/\/myshipleydonuts.com\/es\/whats-cooking\/beignets\/\" \/>\n<meta property=\"og:locale\" content=\"es_MX\" \/>\n<meta property=\"og:type\" content=\"article\" \/>\n<meta property=\"og:title\" content=\"Beignets - Shipley Do-Nuts\" \/>\n<meta property=\"og:description\" content=\"\u00a1Descubra los deliciosos y esponjosos beignets de Shipley Do-Nuts! Conozca estos incre\u00edbles pasteles fritos y d\u00f3nde disfrutarlos frescos en Houston.\" \/>\n<meta property=\"og:url\" content=\"https:\/\/myshipleydonuts.com\/es\/whats-cooking\/beignets\/\" \/>\n<meta property=\"og:site_name\" content=\"Shipley Do-Nuts\" \/>\n<meta property=\"article:publisher\" content=\"https:\/\/www.facebook.com\/myshipleydonuts\" \/>\n<meta property=\"article:modified_time\" content=\"2025-07-10T10:01:08+00:00\" \/>\n<meta property=\"og:image\" content=\"https:\/\/myshipleydonuts.com\/wp-content\/uploads\/2020\/10\/Untitled-15.jpg\" \/>\n<meta name=\"twitter:card\" content=\"summary_large_image\" \/>\n<meta name=\"twitter:site\" content=\"@myshipleydonuts\" \/>\n<meta name=\"twitter:label1\" content=\"Tiempo de lectura\" \/>\n\t<meta name=\"twitter:data1\" content=\"1 minuto\" \/>\n<script type=\"application\/ld+json\" class=\"yoast-schema-graph\">{\"@context\":\"https:\/\/schema.org\",\"@graph\":[{\"@type\":\"WebPage\",\"@id\":\"https:\/\/myshipleydonuts.com\/whats-cooking\/beignets\",\"url\":\"https:\/\/myshipleydonuts.com\/whats-cooking\/beignets\",\"name\":\"Beignets - Shipley Do-Nuts\",\"isPartOf\":{\"@id\":\"https:\/\/myshipleydonuts.com\/#website\"},\"primaryImageOfPage\":{\"@id\":\"https:\/\/myshipleydonuts.com\/whats-cooking\/beignets#primaryimage\"},\"image\":{\"@id\":\"https:\/\/myshipleydonuts.com\/whats-cooking\/beignets#primaryimage\"},\"thumbnailUrl\":\"https:\/\/myshipleydonuts.com\/wp-content\/uploads\/2020\/10\/Untitled-15.jpg\",\"datePublished\":\"2020-11-27T01:14:52+00:00\",\"dateModified\":\"2025-07-10T10:01:08+00:00\",\"description\":\"\u00a1Descubra los deliciosos y esponjosos beignets de Shipley Do-Nuts! Conozca estos incre\u00edbles pasteles fritos y d\u00f3nde disfrutarlos frescos en Houston.\",\"breadcrumb\":{\"@id\":\"https:\/\/myshipleydonuts.com\/whats-cooking\/beignets#breadcrumb\"},\"inLanguage\":\"es\",\"potentialAction\":[{\"@type\":\"ReadAction\",\"target\":[\"https:\/\/myshipleydonuts.com\/whats-cooking\/beignets\"]}]},{\"@type\":\"ImageObject\",\"inLanguage\":\"es\",\"@id\":\"https:\/\/myshipleydonuts.com\/whats-cooking\/beignets#primaryimage\",\"url\":\"https:\/\/myshipleydonuts.com\/wp-content\/uploads\/2020\/10\/Untitled-15.jpg\",\"contentUrl\":\"https:\/\/myshipleydonuts.com\/wp-content\/uploads\/2020\/10\/Untitled-15.jpg\"},{\"@type\":\"BreadcrumbList\",\"@id\":\"https:\/\/myshipleydonuts.com\/whats-cooking\/beignets#breadcrumb\",\"itemListElement\":[{\"@type\":\"ListItem\",\"position\":1,\"name\":\"Whats Cooking\",\"item\":\"https:\/\/myshipleydonuts.com\/whats-cooking\"},{\"@type\":\"ListItem\",\"position\":2,\"name\":\"Beignets\"}]},{\"@type\":\"WebSite\",\"@id\":\"https:\/\/myshipleydonuts.com\/#website\",\"url\":\"https:\/\/myshipleydonuts.com\/\",\"name\":\"Shipley Do-Nuts\",\"description\":\"\",\"publisher\":{\"@id\":\"https:\/\/myshipleydonuts.com\/#organization\"},\"potentialAction\":[{\"@type\":\"SearchAction\",\"target\":{\"@type\":\"EntryPoint\",\"urlTemplate\":\"https:\/\/myshipleydonuts.com\/?s={search_term_string}\"},\"query-input\":\"required name=search_term_string\"}],\"inLanguage\":\"es\"},{\"@type\":\"Organization\",\"@id\":\"https:\/\/myshipleydonuts.com\/#organization\",\"name\":\"Shipley Do-Nuts\",\"url\":\"https:\/\/myshipleydonuts.com\/\",\"logo\":{\"@type\":\"ImageObject\",\"inLanguage\":\"es\",\"@id\":\"https:\/\/myshipleydonuts.com\/#\/schema\/logo\/image\/\",\"url\":\"https:\/\/myshipleydonuts.com\/wp-content\/uploads\/2020\/10\/Shipley-Logo-MLD-1.png\",\"contentUrl\":\"https:\/\/myshipleydonuts.com\/wp-content\/uploads\/2020\/10\/Shipley-Logo-MLD-1.png\",\"width\":250,\"height\":259,\"caption\":\"Shipley Do-Nuts\"},\"image\":{\"@id\":\"https:\/\/myshipleydonuts.com\/#\/schema\/logo\/image\/\"},\"sameAs\":[\"https:\/\/www.facebook.com\/myshipleydonuts\",\"https:\/\/x.com\/myshipleydonuts\",\"https:\/\/www.youtube.com\/user\/myshipleydonuts\"]}]}<\/script>\n<!-- \/ Yoast SEO plugin. -->","yoast_head_json":{"title":"Beignets - Shipley Do-Nuts","description":"\u00a1Descubra los deliciosos y esponjosos beignets de Shipley Do-Nuts! Conozca estos incre\u00edbles pasteles fritos y d\u00f3nde disfrutarlos frescos en Houston.","robots":{"index":"index","follow":"follow","max-snippet":"max-snippet:-1","max-image-preview":"max-image-preview:large","max-video-preview":"max-video-preview:-1"},"canonical":"https:\/\/myshipleydonuts.com\/es\/whats-cooking\/beignets\/","og_locale":"es_MX","og_type":"article","og_title":"Beignets - Shipley Do-Nuts","og_description":"\u00a1Descubra los deliciosos y esponjosos beignets de Shipley Do-Nuts! Conozca estos incre\u00edbles pasteles fritos y d\u00f3nde disfrutarlos frescos en Houston.","og_url":"https:\/\/myshipleydonuts.com\/es\/whats-cooking\/beignets\/","og_site_name":"Shipley Do-Nuts","article_publisher":"https:\/\/www.facebook.com\/myshipleydonuts","article_modified_time":"2025-07-10T10:01:08+00:00","og_image":[{"url":"https:\/\/myshipleydonuts.com\/wp-content\/uploads\/2020\/10\/Untitled-15.jpg"}],"twitter_card":"summary_large_image","twitter_site":"@myshipleydonuts","twitter_misc":{"Tiempo de lectura":"1 minuto"},"schema":{"@context":"https:\/\/schema.org","@graph":[{"@type":"WebPage","@id":"https:\/\/myshipleydonuts.com\/whats-cooking\/beignets","url":"https:\/\/myshipleydonuts.com\/whats-cooking\/beignets","name":"Beignets - Shipley Do-Nuts","isPartOf":{"@id":"https:\/\/myshipleydonuts.com\/#website"},"primaryImageOfPage":{"@id":"https:\/\/myshipleydonuts.com\/whats-cooking\/beignets#primaryimage"},"image":{"@id":"https:\/\/myshipleydonuts.com\/whats-cooking\/beignets#primaryimage"},"thumbnailUrl":"https:\/\/myshipleydonuts.com\/wp-content\/uploads\/2020\/10\/Untitled-15.jpg","datePublished":"2020-11-27T01:14:52+00:00","dateModified":"2025-07-10T10:01:08+00:00","description":"\u00a1Descubra los deliciosos y esponjosos beignets de Shipley Do-Nuts! Conozca estos incre\u00edbles pasteles fritos y d\u00f3nde disfrutarlos frescos en Houston.","breadcrumb":{"@id":"https:\/\/myshipleydonuts.com\/whats-cooking\/beignets#breadcrumb"},"inLanguage":"es","potentialAction":[{"@type":"ReadAction","target":["https:\/\/myshipleydonuts.com\/whats-cooking\/beignets"]}]},{"@type":"ImageObject","inLanguage":"es","@id":"https:\/\/myshipleydonuts.com\/whats-cooking\/beignets#primaryimage","url":"https:\/\/myshipleydonuts.com\/wp-content\/uploads\/2020\/10\/Untitled-15.jpg","contentUrl":"https:\/\/myshipleydonuts.com\/wp-content\/uploads\/2020\/10\/Untitled-15.jpg"},{"@type":"BreadcrumbList","@id":"https:\/\/myshipleydonuts.com\/whats-cooking\/beignets#breadcrumb","itemListElement":[{"@type":"ListItem","position":1,"name":"Whats Cooking","item":"https:\/\/myshipleydonuts.com\/whats-cooking"},{"@type":"ListItem","position":2,"name":"Beignets"}]},{"@type":"WebSite","@id":"https:\/\/myshipleydonuts.com\/#website","url":"https:\/\/myshipleydonuts.com\/","name":"Shipley Do-Nuts","description":"","publisher":{"@id":"https:\/\/myshipleydonuts.com\/#organization"},"potentialAction":[{"@type":"SearchAction","target":{"@type":"EntryPoint","urlTemplate":"https:\/\/myshipleydonuts.com\/?s={search_term_string}"},"query-input":"required name=search_term_string"}],"inLanguage":"es"},{"@type":"Organization","@id":"https:\/\/myshipleydonuts.com\/#organization","name":"Shipley Do-Nuts","url":"https:\/\/myshipleydonuts.com\/","logo":{"@type":"ImageObject","inLanguage":"es","@id":"https:\/\/myshipleydonuts.com\/#\/schema\/logo\/image\/","url":"https:\/\/myshipleydonuts.com\/wp-content\/uploads\/2020\/10\/Shipley-Logo-MLD-1.png","contentUrl":"https:\/\/myshipleydonuts.com\/wp-content\/uploads\/2020\/10\/Shipley-Logo-MLD-1.png","width":250,"height":259,"caption":"Shipley Do-Nuts"},"image":{"@id":"https:\/\/myshipleydonuts.com\/#\/schema\/logo\/image\/"},"sameAs":["https:\/\/www.facebook.com\/myshipleydonuts","https:\/\/x.com\/myshipleydonuts","https:\/\/www.youtube.com\/user\/myshipleydonuts"]}]}},"_links":{"self":[{"href":"https:\/\/myshipleydonuts.com\/es\/wp-json\/wp\/v2\/pages\/3577"}],"collection":[{"href":"https:\/\/myshipleydonuts.com\/es\/wp-json\/wp\/v2\/pages"}],"about":[{"href":"https:\/\/myshipleydonuts.com\/es\/wp-json\/wp\/v2\/types\/page"}],"author":[{"embeddable":true,"href":"https:\/\/myshipleydonuts.com\/es\/wp-json\/wp\/v2\/users\/1"}],"replies":[{"embeddable":true,"href":"https:\/\/myshipleydonuts.com\/es\/wp-json\/wp\/v2\/comments?post=3577"}],"version-history":[{"count":3,"href":"https:\/\/myshipleydonuts.com\/es\/wp-json\/wp\/v2\/pages\/3577\/revisions"}],"predecessor-version":[{"id":5336,"href":"https:\/\/myshipleydonuts.com\/es\/wp-json\/wp\/v2\/pages\/3577\/revisions\/5336"}],"up":[{"embeddable":true,"href":"https:\/\/myshipleydonuts.com\/es\/wp-json\/wp\/v2\/pages\/1104"}],"wp:attachment":[{"href":"https:\/\/myshipleydonuts.com\/es\/wp-json\/wp\/v2\/media?parent=3577"}],"curies":[{"name":"wp","href":"https:\/\/api.w.org\/{rel}","templated":true}]}}