{"id":3581,"date":"2020-11-27T01:35:44","date_gmt":"2020-11-27T01:35:44","guid":{"rendered":"https:\/\/myshipleydonuts.com\/?page_id=3581"},"modified":"2025-07-10T09:21:54","modified_gmt":"2025-07-10T09:21:54","slug":"kolaches","status":"publish","type":"page","link":"https:\/\/myshipleydonuts.com\/es\/breakfast-catering\/kolaches","title":{"rendered":"Kolaches"},"content":{"rendered":"<div data-elementor-type=\"wp-page\" data-elementor-id=\"3581\" class=\"elementor elementor-3581\" data-elementor-post-type=\"page\">\n\t\t\t\t\t\t<section class=\"elementor-section elementor-top-section elementor-element elementor-element-dc1a150 elementor-section-full_width elementor-section-stretched elementor-section-height-default elementor-section-height-default\" data-id=\"dc1a150\" data-element_type=\"section\" data-settings=\"{&quot;stretch_section&quot;:&quot;section-stretched&quot;,&quot;background_background&quot;:&quot;classic&quot;}\">\n\t\t\t\t\t\t<div class=\"elementor-container elementor-column-gap-no\">\n\t\t\t\t\t<div class=\"elementor-column elementor-col-50 elementor-top-column elementor-element elementor-element-4b6c331\" data-id=\"4b6c331\" data-element_type=\"column\">\n\t\t\t<div class=\"elementor-widget-wrap elementor-element-populated\">\n\t\t\t\t\t\t<div class=\"elementor-element elementor-element-90540a0 elementor-widget elementor-widget-heading\" data-id=\"90540a0\" data-element_type=\"widget\" data-widget_type=\"heading.default\">\n\t\t\t\t<div class=\"elementor-widget-container\">\n\t\t\t<h2 class=\"elementor-heading-title elementor-size-default\">Kolaches<\/h2>\t\t<\/div>\n\t\t\t\t<\/div>\n\t\t\t\t<div class=\"elementor-element elementor-element-0ba25ba elementor-widget elementor-widget-text-editor\" data-id=\"0ba25ba\" data-element_type=\"widget\" data-widget_type=\"text-editor.default\">\n\t\t\t\t<div class=\"elementor-widget-container\">\n\t\t\t\t\t\t\t<p>Kolaches are best served warm and we make sure to have fresh warm kolaches all 24 hours a day, every day! We have a huge variety of kolaches as well. This location is one of the few to carry\u00a0the \u201cShipley Bold\u201d kolache. The sausage used is from Earl Campbell Meat Products, Inc. We are the only location in Houston making snack sized kolaches and kolache poppers.<\/p><p>Tenemos un kolache gourmet elaborado con salchicha italiana y queso provolone. Por la ma\u00f1ana, puede obtener sus kolaches con huevos revueltos incluidos. Incluso tenemos un pollo a la parrilla con queso Pepper Jack servido con una guarnici\u00f3n de aderezo ranch picante y un Boudin Kolache picante hecho por el propio Frenchy&#039;s de Houston. Eche un vistazo a nuestro men\u00fa para ver c\u00f3mo podemos satisfacer su antojo de kolache fresco y c\u00e1lido hoy. Ven y\u00a0<a title=\"Ubicaci\u00f3n\" href=\"https:\/\/myshipleydonuts.com\/es\/contact-us\/\">M\u00edranos<\/a>\u00a0en nuestras ubicaciones de Shipley Do-Nuts las 24 horas o\u00a0<a title=\"Comprar online\" href=\"https:\/\/new.mavn.is\/myshipleydonuts\" target=\"_blank\" rel=\"noopener noreferrer\">comprar online<\/a>.<\/p><p>* Los Kolaches incluidos con los pedidos de catering se empaquetan y etiquetan individualmente para una mejor higiene y una f\u00e1cil identificaci\u00f3n.<\/p>\t\t\t\t\t\t<\/div>\n\t\t\t\t<\/div>\n\t\t\t\t\t<\/div>\n\t\t<\/div>\n\t\t\t\t<div class=\"elementor-column elementor-col-50 elementor-top-column elementor-element elementor-element-8004ea3\" data-id=\"8004ea3\" data-element_type=\"column\" data-settings=\"{&quot;background_background&quot;:&quot;classic&quot;}\">\n\t\t\t<div class=\"elementor-widget-wrap elementor-element-populated\">\n\t\t\t\t\t\t<div class=\"elementor-element elementor-element-191e092 elementor-widget elementor-widget-image\" data-id=\"191e092\" data-element_type=\"widget\" data-widget_type=\"image.default\">\n\t\t\t\t<div class=\"elementor-widget-container\">\n\t\t\t\t\t\t\t\t\t\t\t\t\t<img fetchpriority=\"high\" decoding=\"async\" width=\"926\" height=\"1053\" src=\"https:\/\/myshipleydonuts.com\/wp-content\/uploads\/2020\/10\/beignets1.jpg\" class=\"attachment-full size-full wp-image-109\" alt=\"\" srcset=\"https:\/\/myshipleydonuts.com\/wp-content\/uploads\/2020\/10\/beignets1.jpg 926w, https:\/\/myshipleydonuts.com\/wp-content\/uploads\/2020\/10\/beignets1-264x300.jpg 264w, https:\/\/myshipleydonuts.com\/wp-content\/uploads\/2020\/10\/beignets1-900x1024.jpg 900w, https:\/\/myshipleydonuts.com\/wp-content\/uploads\/2020\/10\/beignets1-132x150.jpg 132w, https:\/\/myshipleydonuts.com\/wp-content\/uploads\/2020\/10\/beignets1-768x873.jpg 768w\" sizes=\"(max-width: 926px) 100vw, 926px\" \/>\t\t\t\t\t\t\t\t\t\t\t\t\t<\/div>\n\t\t\t\t<\/div>\n\t\t\t\t\t<\/div>\n\t\t<\/div>\n\t\t\t\t\t<\/div>\n\t\t<\/section>\n\t\t\t\t<\/div>","protected":false},"excerpt":{"rendered":"<p>Kolaches Los kolaches se sirven mejor tibios y nos aseguramos de tener kolaches frescos y tibios las 24 horas del d\u00eda, \u00a1todos los d\u00edas! Tambi\u00e9n tenemos una gran variedad de kolaches. Esta ubicaci\u00f3n es una de las pocas que lleva el kolache &quot;Shipley Bold&quot;. La salchicha utilizada es de Earl Campbell Meat Products, Inc. Estamos [\u2026]<\/p>","protected":false},"author":1,"featured_media":0,"parent":360,"menu_order":0,"comment_status":"closed","ping_status":"closed","template":"","meta":{"footnotes":""},"yoast_head":"<!-- This site is optimized with the Yoast SEO plugin v23.0 - https:\/\/yoast.com\/wordpress\/plugins\/seo\/ -->\n<title>Kolaches - Shipley Do-Nuts<\/title>\n<meta name=\"description\" content=\"Hosting breakfast in Houston? Treat guests to Shipley\u2019s hot, savory kolaches\u2014find out why they&#039;re a local favorite for events. Order now for fresh flavor!\" \/>\n<meta name=\"robots\" content=\"index, follow, max-snippet:-1, max-image-preview:large, max-video-preview:-1\" \/>\n<link rel=\"canonical\" href=\"https:\/\/myshipleydonuts.com\/es\/breakfast-catering\/kolaches\/\" \/>\n<meta property=\"og:locale\" content=\"es_MX\" \/>\n<meta property=\"og:type\" content=\"article\" \/>\n<meta property=\"og:title\" content=\"Kolaches - Shipley Do-Nuts\" \/>\n<meta property=\"og:description\" content=\"Hosting breakfast in Houston? Treat guests to Shipley\u2019s hot, savory kolaches\u2014find out why they&#039;re a local favorite for events. Order now for fresh flavor!\" \/>\n<meta property=\"og:url\" content=\"https:\/\/myshipleydonuts.com\/es\/breakfast-catering\/kolaches\/\" \/>\n<meta property=\"og:site_name\" content=\"Shipley Do-Nuts\" \/>\n<meta property=\"article:publisher\" content=\"https:\/\/www.facebook.com\/myshipleydonuts\" \/>\n<meta property=\"article:modified_time\" content=\"2025-07-10T09:21:54+00:00\" \/>\n<meta property=\"og:image\" content=\"https:\/\/myshipleydonuts.com\/wp-content\/uploads\/2020\/10\/beignets1.jpg\" \/>\n<meta name=\"twitter:card\" content=\"summary_large_image\" \/>\n<meta name=\"twitter:site\" content=\"@myshipleydonuts\" \/>\n<meta name=\"twitter:label1\" content=\"Tiempo de lectura\" \/>\n\t<meta name=\"twitter:data1\" content=\"1 minuto\" \/>\n<script type=\"application\/ld+json\" class=\"yoast-schema-graph\">{\"@context\":\"https:\/\/schema.org\",\"@graph\":[{\"@type\":\"WebPage\",\"@id\":\"https:\/\/myshipleydonuts.com\/breakfast-catering\/kolaches\",\"url\":\"https:\/\/myshipleydonuts.com\/breakfast-catering\/kolaches\",\"name\":\"Kolaches - Shipley Do-Nuts\",\"isPartOf\":{\"@id\":\"https:\/\/myshipleydonuts.com\/#website\"},\"primaryImageOfPage\":{\"@id\":\"https:\/\/myshipleydonuts.com\/breakfast-catering\/kolaches#primaryimage\"},\"image\":{\"@id\":\"https:\/\/myshipleydonuts.com\/breakfast-catering\/kolaches#primaryimage\"},\"thumbnailUrl\":\"https:\/\/myshipleydonuts.com\/wp-content\/uploads\/2020\/10\/beignets1.jpg\",\"datePublished\":\"2020-11-27T01:35:44+00:00\",\"dateModified\":\"2025-07-10T09:21:54+00:00\",\"description\":\"Hosting breakfast in Houston? Treat guests to Shipley\u2019s hot, savory kolaches\u2014find out why they're a local favorite for events. Order now for fresh flavor!\",\"breadcrumb\":{\"@id\":\"https:\/\/myshipleydonuts.com\/breakfast-catering\/kolaches#breadcrumb\"},\"inLanguage\":\"es\",\"potentialAction\":[{\"@type\":\"ReadAction\",\"target\":[\"https:\/\/myshipleydonuts.com\/breakfast-catering\/kolaches\"]}]},{\"@type\":\"ImageObject\",\"inLanguage\":\"es\",\"@id\":\"https:\/\/myshipleydonuts.com\/breakfast-catering\/kolaches#primaryimage\",\"url\":\"https:\/\/myshipleydonuts.com\/wp-content\/uploads\/2020\/10\/beignets1.jpg\",\"contentUrl\":\"https:\/\/myshipleydonuts.com\/wp-content\/uploads\/2020\/10\/beignets1.jpg\"},{\"@type\":\"BreadcrumbList\",\"@id\":\"https:\/\/myshipleydonuts.com\/breakfast-catering\/kolaches#breadcrumb\",\"itemListElement\":[{\"@type\":\"ListItem\",\"position\":1,\"name\":\"Breakfast Catering\",\"item\":\"https:\/\/myshipleydonuts.com\/breakfast-catering\"},{\"@type\":\"ListItem\",\"position\":2,\"name\":\"Kolaches\"}]},{\"@type\":\"WebSite\",\"@id\":\"https:\/\/myshipleydonuts.com\/#website\",\"url\":\"https:\/\/myshipleydonuts.com\/\",\"name\":\"Shipley Do-Nuts\",\"description\":\"\",\"publisher\":{\"@id\":\"https:\/\/myshipleydonuts.com\/#organization\"},\"potentialAction\":[{\"@type\":\"SearchAction\",\"target\":{\"@type\":\"EntryPoint\",\"urlTemplate\":\"https:\/\/myshipleydonuts.com\/?s={search_term_string}\"},\"query-input\":\"required name=search_term_string\"}],\"inLanguage\":\"es\"},{\"@type\":\"Organization\",\"@id\":\"https:\/\/myshipleydonuts.com\/#organization\",\"name\":\"Shipley Do-Nuts\",\"url\":\"https:\/\/myshipleydonuts.com\/\",\"logo\":{\"@type\":\"ImageObject\",\"inLanguage\":\"es\",\"@id\":\"https:\/\/myshipleydonuts.com\/#\/schema\/logo\/image\/\",\"url\":\"https:\/\/myshipleydonuts.com\/wp-content\/uploads\/2020\/10\/Shipley-Logo-MLD-1.png\",\"contentUrl\":\"https:\/\/myshipleydonuts.com\/wp-content\/uploads\/2020\/10\/Shipley-Logo-MLD-1.png\",\"width\":250,\"height\":259,\"caption\":\"Shipley Do-Nuts\"},\"image\":{\"@id\":\"https:\/\/myshipleydonuts.com\/#\/schema\/logo\/image\/\"},\"sameAs\":[\"https:\/\/www.facebook.com\/myshipleydonuts\",\"https:\/\/x.com\/myshipleydonuts\",\"https:\/\/www.youtube.com\/user\/myshipleydonuts\"]}]}<\/script>\n<!-- \/ Yoast SEO plugin. -->","yoast_head_json":{"title":"Kolaches - Shipley Do-Nuts","description":"Hosting breakfast in Houston? Treat guests to Shipley\u2019s hot, savory kolaches\u2014find out why they're a local favorite for events. Order now for fresh flavor!","robots":{"index":"index","follow":"follow","max-snippet":"max-snippet:-1","max-image-preview":"max-image-preview:large","max-video-preview":"max-video-preview:-1"},"canonical":"https:\/\/myshipleydonuts.com\/es\/breakfast-catering\/kolaches\/","og_locale":"es_MX","og_type":"article","og_title":"Kolaches - Shipley Do-Nuts","og_description":"Hosting breakfast in Houston? Treat guests to Shipley\u2019s hot, savory kolaches\u2014find out why they're a local favorite for events. Order now for fresh flavor!","og_url":"https:\/\/myshipleydonuts.com\/es\/breakfast-catering\/kolaches\/","og_site_name":"Shipley Do-Nuts","article_publisher":"https:\/\/www.facebook.com\/myshipleydonuts","article_modified_time":"2025-07-10T09:21:54+00:00","og_image":[{"url":"https:\/\/myshipleydonuts.com\/wp-content\/uploads\/2020\/10\/beignets1.jpg"}],"twitter_card":"summary_large_image","twitter_site":"@myshipleydonuts","twitter_misc":{"Tiempo de lectura":"1 minuto"},"schema":{"@context":"https:\/\/schema.org","@graph":[{"@type":"WebPage","@id":"https:\/\/myshipleydonuts.com\/breakfast-catering\/kolaches","url":"https:\/\/myshipleydonuts.com\/breakfast-catering\/kolaches","name":"Kolaches - Shipley Do-Nuts","isPartOf":{"@id":"https:\/\/myshipleydonuts.com\/#website"},"primaryImageOfPage":{"@id":"https:\/\/myshipleydonuts.com\/breakfast-catering\/kolaches#primaryimage"},"image":{"@id":"https:\/\/myshipleydonuts.com\/breakfast-catering\/kolaches#primaryimage"},"thumbnailUrl":"https:\/\/myshipleydonuts.com\/wp-content\/uploads\/2020\/10\/beignets1.jpg","datePublished":"2020-11-27T01:35:44+00:00","dateModified":"2025-07-10T09:21:54+00:00","description":"Hosting breakfast in Houston? Treat guests to Shipley\u2019s hot, savory kolaches\u2014find out why they're a local favorite for events. Order now for fresh flavor!","breadcrumb":{"@id":"https:\/\/myshipleydonuts.com\/breakfast-catering\/kolaches#breadcrumb"},"inLanguage":"es","potentialAction":[{"@type":"ReadAction","target":["https:\/\/myshipleydonuts.com\/breakfast-catering\/kolaches"]}]},{"@type":"ImageObject","inLanguage":"es","@id":"https:\/\/myshipleydonuts.com\/breakfast-catering\/kolaches#primaryimage","url":"https:\/\/myshipleydonuts.com\/wp-content\/uploads\/2020\/10\/beignets1.jpg","contentUrl":"https:\/\/myshipleydonuts.com\/wp-content\/uploads\/2020\/10\/beignets1.jpg"},{"@type":"BreadcrumbList","@id":"https:\/\/myshipleydonuts.com\/breakfast-catering\/kolaches#breadcrumb","itemListElement":[{"@type":"ListItem","position":1,"name":"Breakfast Catering","item":"https:\/\/myshipleydonuts.com\/breakfast-catering"},{"@type":"ListItem","position":2,"name":"Kolaches"}]},{"@type":"WebSite","@id":"https:\/\/myshipleydonuts.com\/#website","url":"https:\/\/myshipleydonuts.com\/","name":"Shipley Do-Nuts","description":"","publisher":{"@id":"https:\/\/myshipleydonuts.com\/#organization"},"potentialAction":[{"@type":"SearchAction","target":{"@type":"EntryPoint","urlTemplate":"https:\/\/myshipleydonuts.com\/?s={search_term_string}"},"query-input":"required name=search_term_string"}],"inLanguage":"es"},{"@type":"Organization","@id":"https:\/\/myshipleydonuts.com\/#organization","name":"Shipley Do-Nuts","url":"https:\/\/myshipleydonuts.com\/","logo":{"@type":"ImageObject","inLanguage":"es","@id":"https:\/\/myshipleydonuts.com\/#\/schema\/logo\/image\/","url":"https:\/\/myshipleydonuts.com\/wp-content\/uploads\/2020\/10\/Shipley-Logo-MLD-1.png","contentUrl":"https:\/\/myshipleydonuts.com\/wp-content\/uploads\/2020\/10\/Shipley-Logo-MLD-1.png","width":250,"height":259,"caption":"Shipley Do-Nuts"},"image":{"@id":"https:\/\/myshipleydonuts.com\/#\/schema\/logo\/image\/"},"sameAs":["https:\/\/www.facebook.com\/myshipleydonuts","https:\/\/x.com\/myshipleydonuts","https:\/\/www.youtube.com\/user\/myshipleydonuts"]}]}},"_links":{"self":[{"href":"https:\/\/myshipleydonuts.com\/es\/wp-json\/wp\/v2\/pages\/3581"}],"collection":[{"href":"https:\/\/myshipleydonuts.com\/es\/wp-json\/wp\/v2\/pages"}],"about":[{"href":"https:\/\/myshipleydonuts.com\/es\/wp-json\/wp\/v2\/types\/page"}],"author":[{"embeddable":true,"href":"https:\/\/myshipleydonuts.com\/es\/wp-json\/wp\/v2\/users\/1"}],"replies":[{"embeddable":true,"href":"https:\/\/myshipleydonuts.com\/es\/wp-json\/wp\/v2\/comments?post=3581"}],"version-history":[{"count":4,"href":"https:\/\/myshipleydonuts.com\/es\/wp-json\/wp\/v2\/pages\/3581\/revisions"}],"predecessor-version":[{"id":5316,"href":"https:\/\/myshipleydonuts.com\/es\/wp-json\/wp\/v2\/pages\/3581\/revisions\/5316"}],"up":[{"embeddable":true,"href":"https:\/\/myshipleydonuts.com\/es\/wp-json\/wp\/v2\/pages\/360"}],"wp:attachment":[{"href":"https:\/\/myshipleydonuts.com\/es\/wp-json\/wp\/v2\/media?parent=3581"}],"curies":[{"name":"wp","href":"https:\/\/api.w.org\/{rel}","templated":true}]}}