{"id":865,"date":"2020-10-09T10:24:03","date_gmt":"2020-10-09T10:24:03","guid":{"rendered":"http:\/\/myshipleydonuts.com\/?page_id=865"},"modified":"2024-03-03T14:35:28","modified_gmt":"2024-03-03T14:35:28","slug":"shipley-history","status":"publish","type":"page","link":"https:\/\/myshipleydonuts.com\/es\/about-us\/shipley-history","title":{"rendered":"Historia de Shipley"},"content":{"rendered":"<div data-elementor-type=\"wp-page\" data-elementor-id=\"865\" class=\"elementor elementor-865\" data-elementor-post-type=\"page\">\n\t\t\t\t\t\t<section class=\"elementor-section elementor-top-section elementor-element elementor-element-6eb1f04 elementor-section-full_width elementor-section-height-default elementor-section-height-default\" data-id=\"6eb1f04\" data-element_type=\"section\">\n\t\t\t\t\t\t<div class=\"elementor-container elementor-column-gap-default\">\n\t\t\t\t\t<div class=\"elementor-column elementor-col-100 elementor-top-column elementor-element elementor-element-2fc3df8\" data-id=\"2fc3df8\" data-element_type=\"column\">\n\t\t\t<div class=\"elementor-widget-wrap elementor-element-populated\">\n\t\t\t\t\t\t<section class=\"elementor-section elementor-inner-section elementor-element elementor-element-64bd6e4 elementor-section-boxed elementor-section-height-default elementor-section-height-default\" data-id=\"64bd6e4\" data-element_type=\"section\">\n\t\t\t\t\t\t<div class=\"elementor-container elementor-column-gap-default\">\n\t\t\t\t\t<div class=\"elementor-column elementor-col-100 elementor-inner-column elementor-element elementor-element-667376e\" data-id=\"667376e\" data-element_type=\"column\">\n\t\t\t<div class=\"elementor-widget-wrap elementor-element-populated\">\n\t\t\t\t\t\t<div class=\"elementor-element elementor-element-d3cda1c elementor-widget elementor-widget-heading\" data-id=\"d3cda1c\" data-element_type=\"widget\" data-widget_type=\"heading.default\">\n\t\t\t\t<div class=\"elementor-widget-container\">\n\t\t\t<h1 class=\"elementor-heading-title elementor-size-default\">Shipley Do-Nut Flour &amp; Supply Co<\/h1>\t\t<\/div>\n\t\t\t\t<\/div>\n\t\t\t\t<div class=\"elementor-element elementor-element-a33dabe elementor-widget elementor-widget-heading\" data-id=\"a33dabe\" data-element_type=\"widget\" data-widget_type=\"heading.default\">\n\t\t\t\t<div class=\"elementor-widget-container\">\n\t\t\t<h4 class=\"elementor-heading-title elementor-size-default\"><a href=\"http:\/\/en.wikipedia.org\/wiki\/Shipley_Donuts\">Cuando Lawrence Shipley Sr., Lillie Shipley y Helen Shipley posaron con los empleados en la panader\u00eda original Shipley Do-Nuts en 1417 Crockett Street en 1936, las donas glaseadas se vend\u00edan a cinco centavos la docena.<\/a><\/h4>\t\t<\/div>\n\t\t\t\t<\/div>\n\t\t\t\t<div class=\"elementor-element elementor-element-22ddeb9 elementor-widget elementor-widget-image\" data-id=\"22ddeb9\" data-element_type=\"widget\" data-widget_type=\"image.default\">\n\t\t\t\t<div class=\"elementor-widget-container\">\n\t\t\t\t\t\t\t\t\t\t\t\t\t<img fetchpriority=\"high\" decoding=\"async\" width=\"1280\" height=\"1024\" src=\"https:\/\/myshipleydonuts.com\/wp-content\/uploads\/2020\/10\/1936-Poster-1-1.jpg\" class=\"attachment-full size-full wp-image-1047\" alt=\"\" srcset=\"https:\/\/myshipleydonuts.com\/wp-content\/uploads\/2020\/10\/1936-Poster-1-1.jpg 1280w, https:\/\/myshipleydonuts.com\/wp-content\/uploads\/2020\/10\/1936-Poster-1-1-300x240.jpg 300w, https:\/\/myshipleydonuts.com\/wp-content\/uploads\/2020\/10\/1936-Poster-1-1-1024x819.jpg 1024w, https:\/\/myshipleydonuts.com\/wp-content\/uploads\/2020\/10\/1936-Poster-1-1-150x120.jpg 150w, https:\/\/myshipleydonuts.com\/wp-content\/uploads\/2020\/10\/1936-Poster-1-1-768x614.jpg 768w\" sizes=\"(max-width: 1280px) 100vw, 1280px\" \/>\t\t\t\t\t\t\t\t\t\t\t\t\t<\/div>\n\t\t\t\t<\/div>\n\t\t\t\t<div class=\"elementor-element elementor-element-d0a6058 elementor-widget elementor-widget-text-editor\" data-id=\"d0a6058\" data-element_type=\"widget\" data-widget_type=\"text-editor.default\">\n\t\t\t\t<div class=\"elementor-widget-container\">\n\t\t\t\t\t\t\t<p>Fue en 1936, el final de la Gran Depresi\u00f3n, cuando Lawrence Shipley, Sr. cre\u00f3 una receta gourmet para Do-Nuts. Tan deliciosos eran los Do-Nuts que han resistido la prueba del tiempo. Cortados a mano y servidos calientes durante todo el d\u00eda, los Do-Nuts costaban 5 centavos la docena y solo se vend\u00edan al por mayor. El producto tuvo tanto \u00e9xito que comenz\u00f3 a venderse en el mercado minorista a mediados de la d\u00e9cada de 1940. Con Lawrence Sr. ausente en rutas de donas, su esposa Lillie se quedar\u00eda atr\u00e1s y har\u00eda las delicias culinarias con Lawrence Jr. en su rodilla.<\/p>\n<p>La gente ven\u00eda de millas a la redonda para probar el n\u00e9ctar de los suntuosos Do-Nuts glaseados calientes. Servirlos calientes era un objetivo del mayor Shipley. Lawrence Shipley, padre, dijo una vez: &quot;Cuando muerden esa rosquilla caliente, siempre los traer\u00e1 de vuelta&quot;.<\/p>\n<p>Es ese mismo concepto el que contin\u00faa haciendo que generaciones de amantes de las donas regresen a Shipley&#039;s como clientes leales.<\/p>\n<p>\u201cUno de los mejores recuerdos que tengo de mi padre es caminar a Shipley Do-Nuts el s\u00e1bado por la ma\u00f1ana por esa llanura caliente vidriada\u201d, dijo Kathy Froleigh. \u201cEra el \u00fanico momento de la semana, cuando pap\u00e1 era todo m\u00edo, prest\u00e1ndome toda su atenci\u00f3n. He tratado de crear ese mismo tipo de memoria para mis propios hijos, a quienes llevo a Shipley&#039;s todos los s\u00e1bados por la ma\u00f1ana. Cada uno puede elegir sus Do-Nuts favoritos mientras nos sentamos y hablamos, re\u00edmos y disfrutamos de nuestras variedades favoritas. \u201cNunca conocieron a mi padre. Muri\u00f3 antes de que nacieran. Pero lo conocen a trav\u00e9s de las historias que les he contado sobre nuestro tiempo especial juntos todos los s\u00e1bados por la ma\u00f1ana cuando hablamos de lo que sucedi\u00f3 durante la semana mientras com\u00edamos nuestros Do-Nuts &quot;. &quot;No s\u00e9 qu\u00e9 har\u00eda si no tuvi\u00e9ramos nuestros Do-Nuts de Shipley&quot;, dijo Froleigh. \u201cSer\u00eda como quitarme parte de mi historia y mi futuro\u201d.<\/p>\n<p>Lawrence Jr. trabaj\u00f3 en el negocio toda su vida, continuando la visi\u00f3n de su padre y haciendo de Shipley Do-Nuts el negocio exitoso que es hoy. Expandi\u00f3 la compa\u00f1\u00eda a m\u00e1s de 190 tiendas en todo el pa\u00eds en Alabama, Arkansas, Louisiana, Mississippi, Tennessee y Texas, 86 de las cuales se encuentran en el \u00e1rea de Houston.<\/p>\t\t\t\t\t\t<\/div>\n\t\t\t\t<\/div>\n\t\t\t\t<div class=\"elementor-element elementor-element-e506729 elementor-widget elementor-widget-heading\" data-id=\"e506729\" data-element_type=\"widget\" data-widget_type=\"heading.default\">\n\t\t\t\t<div class=\"elementor-widget-container\">\n\t\t\t<h4 class=\"elementor-heading-title elementor-size-default\">Shipley Donuts, beignets, kolaches, 24 horas, drive-thru, wi-fi gratis <br>\n- Lawrence W. Shipley, III<\/h4>\t\t<\/div>\n\t\t\t\t<\/div>\n\t\t\t\t\t<\/div>\n\t\t<\/div>\n\t\t\t\t\t<\/div>\n\t\t<\/section>\n\t\t\t\t\t<\/div>\n\t\t<\/div>\n\t\t\t\t\t<\/div>\n\t\t<\/section>\n\t\t\t\t<section class=\"elementor-section elementor-top-section elementor-element elementor-element-eeb07f2 elementor-section-boxed elementor-section-height-default elementor-section-height-default\" data-id=\"eeb07f2\" data-element_type=\"section\" data-settings=\"{&quot;background_background&quot;:&quot;classic&quot;}\">\n\t\t\t\t\t\t<div class=\"elementor-container elementor-column-gap-default\">\n\t\t\t\t\t<div class=\"elementor-column elementor-col-100 elementor-top-column elementor-element elementor-element-eed422c\" data-id=\"eed422c\" data-element_type=\"column\">\n\t\t\t<div class=\"elementor-widget-wrap elementor-element-populated\">\n\t\t\t\t\t\t<div class=\"elementor-element elementor-element-ca2707e elementor-widget elementor-widget-image\" data-id=\"ca2707e\" data-element_type=\"widget\" data-widget_type=\"image.default\">\n\t\t\t\t<div class=\"elementor-widget-container\">\n\t\t\t\t\t\t\t\t\t\t\t\t\t<img decoding=\"async\" width=\"2560\" height=\"1920\" src=\"https:\/\/myshipleydonuts.com\/wp-content\/uploads\/2020\/12\/sply-history-scaled-e1607172340505.jpg\" class=\"attachment-full size-full wp-image-3704\" alt=\"\" srcset=\"https:\/\/myshipleydonuts.com\/wp-content\/uploads\/2020\/12\/sply-history-scaled-e1607172340505.jpg 2560w, https:\/\/myshipleydonuts.com\/wp-content\/uploads\/2020\/12\/sply-history-scaled-e1607172340505-300x225.jpg 300w, https:\/\/myshipleydonuts.com\/wp-content\/uploads\/2020\/12\/sply-history-scaled-e1607172340505-1024x768.jpg 1024w, https:\/\/myshipleydonuts.com\/wp-content\/uploads\/2020\/12\/sply-history-scaled-e1607172340505-150x113.jpg 150w, https:\/\/myshipleydonuts.com\/wp-content\/uploads\/2020\/12\/sply-history-scaled-e1607172340505-768x576.jpg 768w, https:\/\/myshipleydonuts.com\/wp-content\/uploads\/2020\/12\/sply-history-scaled-e1607172340505-1536x1152.jpg 1536w, https:\/\/myshipleydonuts.com\/wp-content\/uploads\/2020\/12\/sply-history-scaled-e1607172340505-2048x1536.jpg 2048w, https:\/\/myshipleydonuts.com\/wp-content\/uploads\/2020\/12\/sply-history-scaled-e1607172340505-16x12.jpg 16w\" sizes=\"(max-width: 2560px) 100vw, 2560px\" \/>\t\t\t\t\t\t\t\t\t\t\t\t\t<\/div>\n\t\t\t\t<\/div>\n\t\t\t\t<section class=\"elementor-section elementor-inner-section elementor-element elementor-element-cffced9 elementor-section-full_width elementor-section-height-default elementor-section-height-default\" data-id=\"cffced9\" data-element_type=\"section\">\n\t\t\t\t\t\t<div class=\"elementor-container elementor-column-gap-default\">\n\t\t\t\t\t<div class=\"elementor-column elementor-col-100 elementor-inner-column elementor-element elementor-element-d34a088\" data-id=\"d34a088\" data-element_type=\"column\">\n\t\t\t<div class=\"elementor-widget-wrap elementor-element-populated\">\n\t\t\t\t\t\t<div class=\"elementor-element elementor-element-41b3159 elementor-drop-cap-yes elementor-drop-cap-view-default elementor-widget elementor-widget-text-editor\" data-id=\"41b3159\" data-element_type=\"widget\" data-settings=\"{&quot;drop_cap&quot;:&quot;yes&quot;}\" data-widget_type=\"text-editor.default\">\n\t\t\t\t<div class=\"elementor-widget-container\">\n\t\t\t\t\t\t\t<p>El presidente de la compa\u00f1\u00eda, Lawrence W. Shipley, III, contin\u00faa la tradici\u00f3n con un fuerte crecimiento y altas expectativas para el futuro. Lawrence III contin\u00faa la tradici\u00f3n de los grandes Do-Nuts y kolaches y se esfuerza por encontrar mejores formas de hacer que sus ma\u00f1anas comiencen bien. Contin\u00faa expandiendo la empresa, pero con cuidado de crecer lentamente, sin comprometer la calidad del producto y el excelente servicio al cliente.<\/p><p>Los Do-Nuts contin\u00faan deleitando a clientes de todas las edades. Las 63 variedades siguen siendo tan consistentes como la frescura de los productos, y aunque el glaseado simple es, con mucho, el m\u00e1s vendido, todos parecen tener sus favoritos.<\/p><p>Shipley Do-Nuts contin\u00faa con el orgullo y la tradici\u00f3n de ofrecer los mejores Do-Nuts y kolaches en el negocio. Shipley Do-Nuts es un producto gourmet elaborado diariamente. La compa\u00f1\u00eda ofrece un excelente servicio al cliente, tiendas limpias y empleados amigables que aman nuestros Do-Nuts tanto como nuestros clientes.<\/p>\t\t\t\t\t\t<\/div>\n\t\t\t\t<\/div>\n\t\t\t\t<div class=\"elementor-element elementor-element-c2bc1ca elementor-widget elementor-widget-heading\" data-id=\"c2bc1ca\" data-element_type=\"widget\" data-widget_type=\"heading.default\">\n\t\t\t\t<div class=\"elementor-widget-container\">\n\t\t\t<h4 class=\"elementor-heading-title elementor-size-default\">Historia de Shipley - West Houston My Shipley Do-Nuts <\/h4>\t\t<\/div>\n\t\t\t\t<\/div>\n\t\t\t\t\t<\/div>\n\t\t<\/div>\n\t\t\t\t\t<\/div>\n\t\t<\/section>\n\t\t\t\t\t<\/div>\n\t\t<\/div>\n\t\t\t\t\t<\/div>\n\t\t<\/section>\n\t\t\t\t<section class=\"elementor-section elementor-top-section elementor-element elementor-element-363c981 elementor-section-boxed elementor-section-height-default elementor-section-height-default\" data-id=\"363c981\" data-element_type=\"section\">\n\t\t\t\t\t\t<div class=\"elementor-container elementor-column-gap-default\">\n\t\t\t\t\t<div class=\"elementor-column elementor-col-100 elementor-top-column elementor-element elementor-element-ebc6527\" data-id=\"ebc6527\" data-element_type=\"column\">\n\t\t\t<div class=\"elementor-widget-wrap elementor-element-populated\">\n\t\t\t\t\t\t<section class=\"elementor-section elementor-inner-section elementor-element elementor-element-e3f1007 elementor-reverse-mobile elementor-section-boxed elementor-section-height-default elementor-section-height-default\" data-id=\"e3f1007\" data-element_type=\"section\">\n\t\t\t\t\t\t<div class=\"elementor-container elementor-column-gap-default\">\n\t\t\t\t\t<div class=\"elementor-column elementor-col-50 elementor-inner-column elementor-element elementor-element-ac4aeb4\" data-id=\"ac4aeb4\" data-element_type=\"column\">\n\t\t\t<div class=\"elementor-widget-wrap elementor-element-populated\">\n\t\t\t\t\t\t<div class=\"elementor-element elementor-element-06b6389 elementor-widget elementor-widget-image\" data-id=\"06b6389\" data-element_type=\"widget\" data-widget_type=\"image.default\">\n\t\t\t\t<div class=\"elementor-widget-container\">\n\t\t\t\t\t\t\t\t\t\t\t\t\t<img decoding=\"async\" width=\"1147\" height=\"812\" src=\"https:\/\/myshipleydonuts.com\/wp-content\/uploads\/2020\/10\/Group-77.png\" class=\"attachment-full size-full wp-image-619\" alt=\"donuts catering\" srcset=\"https:\/\/myshipleydonuts.com\/wp-content\/uploads\/2020\/10\/Group-77.png 1147w, https:\/\/myshipleydonuts.com\/wp-content\/uploads\/2020\/10\/Group-77-300x212.png 300w, https:\/\/myshipleydonuts.com\/wp-content\/uploads\/2020\/10\/Group-77-1024x725.png 1024w, https:\/\/myshipleydonuts.com\/wp-content\/uploads\/2020\/10\/Group-77-150x106.png 150w, https:\/\/myshipleydonuts.com\/wp-content\/uploads\/2020\/10\/Group-77-768x544.png 768w\" sizes=\"(max-width: 1147px) 100vw, 1147px\" \/>\t\t\t\t\t\t\t\t\t\t\t\t\t<\/div>\n\t\t\t\t<\/div>\n\t\t\t\t\t<\/div>\n\t\t<\/div>\n\t\t\t\t<div class=\"elementor-column elementor-col-50 elementor-inner-column elementor-element elementor-element-4ca561c\" data-id=\"4ca561c\" data-element_type=\"column\">\n\t\t\t<div class=\"elementor-widget-wrap elementor-element-populated\">\n\t\t\t\t\t\t<div class=\"elementor-element elementor-element-6ff3124 elementor-widget elementor-widget-heading\" data-id=\"6ff3124\" data-element_type=\"widget\" data-widget_type=\"heading.default\">\n\t\t\t\t<div class=\"elementor-widget-container\">\n\t\t\t<h2 class=\"elementor-heading-title elementor-size-default\">Entregamos donde<br>\ntu coraz\u00f3n desea<\/h2>\t\t<\/div>\n\t\t\t\t<\/div>\n\t\t\t\t<div class=\"elementor-element elementor-element-58cd84f elementor-widget elementor-widget-text-editor\" data-id=\"58cd84f\" data-element_type=\"widget\" data-widget_type=\"text-editor.default\">\n\t\t\t\t<div class=\"elementor-widget-container\">\n\t\t\t\t\t\t\t<p>Visite Shipley Do-Nuts en 12403 Westheimer (entre Dairy Ashford y Kirkwood) no solo para obtener los mejores Shipley Do-Nuts calientes y suaves que jam\u00e1s haya envuelto en sus labios, sino tambi\u00e9n todas las variedades de kolaches frescos y c\u00e1lidos que se ofrecen las 24 horas del d\u00eda. en nuestra tienda de donas de Houston.<\/p>\t\t\t\t\t\t<\/div>\n\t\t\t\t<\/div>\n\t\t\t\t<div class=\"elementor-element elementor-element-356ab80 elementor-widget elementor-widget-button\" data-id=\"356ab80\" data-element_type=\"widget\" data-widget_type=\"button.default\">\n\t\t\t\t<div class=\"elementor-widget-container\">\n\t\t\t\t\t<div class=\"elementor-button-wrapper\">\n\t\t\t<a class=\"elementor-button elementor-button-link elementor-size-lg\" href=\"https:\/\/myshipleydonuts.com\/es\/online-ordering\/\" target=\"_blank\">\n\t\t\t\t\t\t<span class=\"elementor-button-content-wrapper\">\n\t\t\t\t\t\t\t\t\t<span class=\"elementor-button-text\">ORDENAR AHORA<\/span>\n\t\t\t\t\t<\/span>\n\t\t\t\t\t<\/a>\n\t\t<\/div>\n\t\t\t\t<\/div>\n\t\t\t\t<\/div>\n\t\t\t\t\t<\/div>\n\t\t<\/div>\n\t\t\t\t\t<\/div>\n\t\t<\/section>\n\t\t\t\t\t<\/div>\n\t\t<\/div>\n\t\t\t\t\t<\/div>\n\t\t<\/section>\n\t\t\t\t<\/div>","protected":false},"excerpt":{"rendered":"<p>Shipley Do-Nut Flour &amp; Supply Co Cuando Lawrence Shipley Sr., Lillie Shipley y Helen Shipley posaron con los empleados en la panader\u00eda original Shipley Do-Nuts en 1417 Crockett Street en 1936, las donas glaseadas se vend\u00edan a cinco centavos la docena. Era 1936, el final de la Gran Depresi\u00f3n, cuando Lawrence Shipley, Sr. cre\u00f3 un gourmet [\u2026]<\/p>","protected":false},"author":1,"featured_media":0,"parent":141,"menu_order":0,"comment_status":"closed","ping_status":"closed","template":"","meta":{"footnotes":""},"yoast_head":"<!-- This site is optimized with the Yoast SEO plugin v23.0 - https:\/\/yoast.com\/wordpress\/plugins\/seo\/ -->\n<title>Shipley History | My Shipley Do-Nuts<\/title>\n<meta name=\"description\" content=\"Shipley History - It was 1936, the end of the Great Depression, when Lawrence Shipley Sr. created a gourmet recipe for Do-Nuts. Call us\" \/>\n<meta name=\"robots\" content=\"index, follow, max-snippet:-1, max-image-preview:large, max-video-preview:-1\" \/>\n<link rel=\"canonical\" href=\"https:\/\/myshipleydonuts.com\/es\/about-us\/shipley-history\/\" \/>\n<meta property=\"og:locale\" content=\"es_MX\" \/>\n<meta property=\"og:type\" content=\"article\" \/>\n<meta property=\"og:title\" content=\"Shipley History | My Shipley Do-Nuts\" \/>\n<meta property=\"og:description\" content=\"Shipley History - It was 1936, the end of the Great Depression, when Lawrence Shipley Sr. created a gourmet recipe for Do-Nuts. Call us\" \/>\n<meta property=\"og:url\" content=\"https:\/\/myshipleydonuts.com\/es\/about-us\/shipley-history\/\" \/>\n<meta property=\"og:site_name\" content=\"Shipley Do-Nuts\" \/>\n<meta property=\"article:publisher\" content=\"https:\/\/www.facebook.com\/myshipleydonuts\" \/>\n<meta property=\"article:modified_time\" content=\"2024-03-03T14:35:28+00:00\" \/>\n<meta property=\"og:image\" content=\"https:\/\/myshipleydonuts.com\/wp-content\/uploads\/2020\/10\/1936-Poster-1-1.jpg\" \/>\n<meta name=\"twitter:card\" content=\"summary_large_image\" \/>\n<meta name=\"twitter:site\" content=\"@myshipleydonuts\" \/>\n<meta name=\"twitter:label1\" content=\"Tiempo de lectura\" \/>\n\t<meta name=\"twitter:data1\" content=\"3 minutos\" \/>\n<script type=\"application\/ld+json\" class=\"yoast-schema-graph\">{\"@context\":\"https:\/\/schema.org\",\"@graph\":[{\"@type\":\"WebPage\",\"@id\":\"https:\/\/myshipleydonuts.com\/about-us\/shipley-history\",\"url\":\"https:\/\/myshipleydonuts.com\/about-us\/shipley-history\",\"name\":\"Shipley History | My Shipley Do-Nuts\",\"isPartOf\":{\"@id\":\"https:\/\/myshipleydonuts.com\/#website\"},\"primaryImageOfPage\":{\"@id\":\"https:\/\/myshipleydonuts.com\/about-us\/shipley-history#primaryimage\"},\"image\":{\"@id\":\"https:\/\/myshipleydonuts.com\/about-us\/shipley-history#primaryimage\"},\"thumbnailUrl\":\"https:\/\/myshipleydonuts.com\/wp-content\/uploads\/2020\/10\/1936-Poster-1-1.jpg\",\"datePublished\":\"2020-10-09T10:24:03+00:00\",\"dateModified\":\"2024-03-03T14:35:28+00:00\",\"description\":\"Shipley History - It was 1936, the end of the Great Depression, when Lawrence Shipley Sr. created a gourmet recipe for Do-Nuts. Call us\",\"breadcrumb\":{\"@id\":\"https:\/\/myshipleydonuts.com\/about-us\/shipley-history#breadcrumb\"},\"inLanguage\":\"es\",\"potentialAction\":[{\"@type\":\"ReadAction\",\"target\":[\"https:\/\/myshipleydonuts.com\/about-us\/shipley-history\"]}]},{\"@type\":\"ImageObject\",\"inLanguage\":\"es\",\"@id\":\"https:\/\/myshipleydonuts.com\/about-us\/shipley-history#primaryimage\",\"url\":\"https:\/\/myshipleydonuts.com\/wp-content\/uploads\/2020\/10\/1936-Poster-1-1.jpg\",\"contentUrl\":\"https:\/\/myshipleydonuts.com\/wp-content\/uploads\/2020\/10\/1936-Poster-1-1.jpg\"},{\"@type\":\"BreadcrumbList\",\"@id\":\"https:\/\/myshipleydonuts.com\/about-us\/shipley-history#breadcrumb\",\"itemListElement\":[{\"@type\":\"ListItem\",\"position\":1,\"name\":\"about-us\",\"item\":\"https:\/\/myshipleydonuts.com\/about-us\"},{\"@type\":\"ListItem\",\"position\":2,\"name\":\"Shipley History\"}]},{\"@type\":\"WebSite\",\"@id\":\"https:\/\/myshipleydonuts.com\/#website\",\"url\":\"https:\/\/myshipleydonuts.com\/\",\"name\":\"Shipley Do-Nuts\",\"description\":\"\",\"publisher\":{\"@id\":\"https:\/\/myshipleydonuts.com\/#organization\"},\"potentialAction\":[{\"@type\":\"SearchAction\",\"target\":{\"@type\":\"EntryPoint\",\"urlTemplate\":\"https:\/\/myshipleydonuts.com\/?s={search_term_string}\"},\"query-input\":\"required name=search_term_string\"}],\"inLanguage\":\"es\"},{\"@type\":\"Organization\",\"@id\":\"https:\/\/myshipleydonuts.com\/#organization\",\"name\":\"Shipley Do-Nuts\",\"url\":\"https:\/\/myshipleydonuts.com\/\",\"logo\":{\"@type\":\"ImageObject\",\"inLanguage\":\"es\",\"@id\":\"https:\/\/myshipleydonuts.com\/#\/schema\/logo\/image\/\",\"url\":\"https:\/\/myshipleydonuts.com\/wp-content\/uploads\/2020\/10\/Shipley-Logo-MLD-1.png\",\"contentUrl\":\"https:\/\/myshipleydonuts.com\/wp-content\/uploads\/2020\/10\/Shipley-Logo-MLD-1.png\",\"width\":250,\"height\":259,\"caption\":\"Shipley Do-Nuts\"},\"image\":{\"@id\":\"https:\/\/myshipleydonuts.com\/#\/schema\/logo\/image\/\"},\"sameAs\":[\"https:\/\/www.facebook.com\/myshipleydonuts\",\"https:\/\/x.com\/myshipleydonuts\",\"https:\/\/www.youtube.com\/user\/myshipleydonuts\"]}]}<\/script>\n<!-- \/ Yoast SEO plugin. -->","yoast_head_json":{"title":"Shipley History | My Shipley Do-Nuts","description":"Shipley History - It was 1936, the end of the Great Depression, when Lawrence Shipley Sr. created a gourmet recipe for Do-Nuts. Call us","robots":{"index":"index","follow":"follow","max-snippet":"max-snippet:-1","max-image-preview":"max-image-preview:large","max-video-preview":"max-video-preview:-1"},"canonical":"https:\/\/myshipleydonuts.com\/es\/about-us\/shipley-history\/","og_locale":"es_MX","og_type":"article","og_title":"Shipley History | My Shipley Do-Nuts","og_description":"Shipley History - It was 1936, the end of the Great Depression, when Lawrence Shipley Sr. created a gourmet recipe for Do-Nuts. Call us","og_url":"https:\/\/myshipleydonuts.com\/es\/about-us\/shipley-history\/","og_site_name":"Shipley Do-Nuts","article_publisher":"https:\/\/www.facebook.com\/myshipleydonuts","article_modified_time":"2024-03-03T14:35:28+00:00","og_image":[{"url":"https:\/\/myshipleydonuts.com\/wp-content\/uploads\/2020\/10\/1936-Poster-1-1.jpg"}],"twitter_card":"summary_large_image","twitter_site":"@myshipleydonuts","twitter_misc":{"Tiempo de lectura":"3 minutos"},"schema":{"@context":"https:\/\/schema.org","@graph":[{"@type":"WebPage","@id":"https:\/\/myshipleydonuts.com\/about-us\/shipley-history","url":"https:\/\/myshipleydonuts.com\/about-us\/shipley-history","name":"Shipley History | My Shipley Do-Nuts","isPartOf":{"@id":"https:\/\/myshipleydonuts.com\/#website"},"primaryImageOfPage":{"@id":"https:\/\/myshipleydonuts.com\/about-us\/shipley-history#primaryimage"},"image":{"@id":"https:\/\/myshipleydonuts.com\/about-us\/shipley-history#primaryimage"},"thumbnailUrl":"https:\/\/myshipleydonuts.com\/wp-content\/uploads\/2020\/10\/1936-Poster-1-1.jpg","datePublished":"2020-10-09T10:24:03+00:00","dateModified":"2024-03-03T14:35:28+00:00","description":"Shipley History - It was 1936, the end of the Great Depression, when Lawrence Shipley Sr. created a gourmet recipe for Do-Nuts. Call us","breadcrumb":{"@id":"https:\/\/myshipleydonuts.com\/about-us\/shipley-history#breadcrumb"},"inLanguage":"es","potentialAction":[{"@type":"ReadAction","target":["https:\/\/myshipleydonuts.com\/about-us\/shipley-history"]}]},{"@type":"ImageObject","inLanguage":"es","@id":"https:\/\/myshipleydonuts.com\/about-us\/shipley-history#primaryimage","url":"https:\/\/myshipleydonuts.com\/wp-content\/uploads\/2020\/10\/1936-Poster-1-1.jpg","contentUrl":"https:\/\/myshipleydonuts.com\/wp-content\/uploads\/2020\/10\/1936-Poster-1-1.jpg"},{"@type":"BreadcrumbList","@id":"https:\/\/myshipleydonuts.com\/about-us\/shipley-history#breadcrumb","itemListElement":[{"@type":"ListItem","position":1,"name":"about-us","item":"https:\/\/myshipleydonuts.com\/about-us"},{"@type":"ListItem","position":2,"name":"Shipley History"}]},{"@type":"WebSite","@id":"https:\/\/myshipleydonuts.com\/#website","url":"https:\/\/myshipleydonuts.com\/","name":"Shipley Do-Nuts","description":"","publisher":{"@id":"https:\/\/myshipleydonuts.com\/#organization"},"potentialAction":[{"@type":"SearchAction","target":{"@type":"EntryPoint","urlTemplate":"https:\/\/myshipleydonuts.com\/?s={search_term_string}"},"query-input":"required name=search_term_string"}],"inLanguage":"es"},{"@type":"Organization","@id":"https:\/\/myshipleydonuts.com\/#organization","name":"Shipley Do-Nuts","url":"https:\/\/myshipleydonuts.com\/","logo":{"@type":"ImageObject","inLanguage":"es","@id":"https:\/\/myshipleydonuts.com\/#\/schema\/logo\/image\/","url":"https:\/\/myshipleydonuts.com\/wp-content\/uploads\/2020\/10\/Shipley-Logo-MLD-1.png","contentUrl":"https:\/\/myshipleydonuts.com\/wp-content\/uploads\/2020\/10\/Shipley-Logo-MLD-1.png","width":250,"height":259,"caption":"Shipley Do-Nuts"},"image":{"@id":"https:\/\/myshipleydonuts.com\/#\/schema\/logo\/image\/"},"sameAs":["https:\/\/www.facebook.com\/myshipleydonuts","https:\/\/x.com\/myshipleydonuts","https:\/\/www.youtube.com\/user\/myshipleydonuts"]}]}},"_links":{"self":[{"href":"https:\/\/myshipleydonuts.com\/es\/wp-json\/wp\/v2\/pages\/865"}],"collection":[{"href":"https:\/\/myshipleydonuts.com\/es\/wp-json\/wp\/v2\/pages"}],"about":[{"href":"https:\/\/myshipleydonuts.com\/es\/wp-json\/wp\/v2\/types\/page"}],"author":[{"embeddable":true,"href":"https:\/\/myshipleydonuts.com\/es\/wp-json\/wp\/v2\/users\/1"}],"replies":[{"embeddable":true,"href":"https:\/\/myshipleydonuts.com\/es\/wp-json\/wp\/v2\/comments?post=865"}],"version-history":[{"count":29,"href":"https:\/\/myshipleydonuts.com\/es\/wp-json\/wp\/v2\/pages\/865\/revisions"}],"predecessor-version":[{"id":5106,"href":"https:\/\/myshipleydonuts.com\/es\/wp-json\/wp\/v2\/pages\/865\/revisions\/5106"}],"up":[{"embeddable":true,"href":"https:\/\/myshipleydonuts.com\/es\/wp-json\/wp\/v2\/pages\/141"}],"wp:attachment":[{"href":"https:\/\/myshipleydonuts.com\/es\/wp-json\/wp\/v2\/media?parent=865"}],"curies":[{"name":"wp","href":"https:\/\/api.w.org\/{rel}","templated":true}]}}